{"id":84,"date":"2023-04-04T13:56:43","date_gmt":"2023-04-04T11:56:43","guid":{"rendered":"https:\/\/www.slb-law.de\/it\/kundenstimmen\/"},"modified":"2023-05-30T16:41:45","modified_gmt":"2023-05-30T14:41:45","slug":"opinioni-dei-clienti","status":"publish","type":"page","link":"https:\/\/www.slb-law.de\/it\/referenze\/opinioni-dei-clienti\/","title":{"rendered":"Opinioni dei clienti"},"content":{"rendered":"<div class=\"wp-bootstrap-blocks-row row texthead\">\n\t\n\n<div class=\"col-12 col-md-6\">\n\t\t\t\n\n<h1 class=\"wp-block-heading\">Testimonianze dei clienti<\/h1>\n\n\t<\/div>\n\n\n\n<div class=\"col-12 col-md-6\">\n\t\t\t\t<\/div>\n\n<\/div>\n\n\n<div class=\"wp-bootstrap-blocks-row row texthead\">\n\t\n\n<div class=\"col-12 col-md-6\">\n\t\t\t\t<\/div>\n\n\n\n<div class=\"col-12 col-md-6\">\n\t\t\t\n\n<p>Se si smette di migliorare, si smette di essere bravi. Noi miglioriamo e ci affidiamo al feedback dei nostri clienti che ci conoscono, alcuni da oltre 20 anni.<\/p>\n\n\t<\/div>\n\n<\/div>\n\n\n<div class=\"wp-bootstrap-blocks-container container mb-2\">\n\t\n<form method=\"get\">\n\t\t\t\t  <div class=\"row justify-content-md-center header blockgray margin-b\">\n\t\t\t\t\t<div class=\"col-lg-6 text-center\">\n\t\t\t\t\t\t<div class=\"drop1 dropdown show\">\n\t\t\t\t\t\t<div class=\"d-flex align-items-center\" role=\"button\" data-toggle=\"dropdown\" aria-haspopup=\"true\" aria-expanded=\"false\">\n\t\t\t\t\t\t\t<div class=\"col-lg-11 d-flex justify-content-start dropdown-text\" id=\"gebietselect\">Aree di attivit\u00e1<\/div>\n\t\t\t\t\t\t\t\t<div class=\"col-lg-1\">\n\t\t\t\t\t\t\t\t\t<svg xmlns=\"http:\/\/www.w3.org\/2000\/svg\" width=\"16\" height=\"16\"\n\t\t\t\t\t\t\t\t\t\tfill=\"currentColor\" class=\"bi bi-chevron-down\" viewBox=\"0 0 16 16\">\n\t\t\t\t\t\t\t\t\t\t<path fill-rule=\"evenodd\"\n\t\t\t\t\t\t\t\t\t\t\td=\"M1.646 4.646a.5.5 0 0 1 .708 0L8 10.293l5.646-5.647a.5.5 0 0 1 .708.708l-6 6a.5.5 0 0 1-.708 0l-6-6a.5.5 0 0 1 0-.708z\" \/>\n\t\t\t\t\t\t\t\t\t<\/svg>\n\t\t\t\t\t\t\t\t<\/div>\n\t\t\t\t\t\t\t<\/div>\n\t\t\t\t\t\t\t<div class=\"dropdown-menu\" aria-labelledby=\"dropdownMenuLink\">\n\t\t\t\t\t\t\t\t<a class=\"dropdown-item select\" select-gebiet=\"\">Tutti<\/a><a class=\"dropdown-item select\" select-gebiet=\"arbeitsrecht\">Arbeitsrecht<\/a><a class=\"dropdown-item select\" select-gebiet=\"bankrecht\">Bankrecht<\/a><a class=\"dropdown-item select\" select-gebiet=\"immobilienrecht\">Bau- und Immobilienrecht<\/a><a class=\"dropdown-item select\" select-gebiet=\"compliance\">Compliance<\/a><a class=\"dropdown-item select\" select-gebiet=\"consulenza-fiscale-e-responsabilita-legale\">Consulenza Fiscale e Responsabilit\u00e0 Legale<\/a><a class=\"dropdown-item select\" select-gebiet=\"diritti-della-proprieta-intellettuale\">Diritti della Propriet\u00e0 Intellettuale<\/a><a class=\"dropdown-item select\" select-gebiet=\"diritto-bancario\">Diritto Bancario<\/a><a class=\"dropdown-item select\" select-gebiet=\"diritto-commerciale-e-contrattualistica\">Diritto Commerciale e Contrattualistica<\/a><a class=\"dropdown-item select\" select-gebiet=\"diritto-dei-birrifici\">Diritto dei birrifici<\/a><a class=\"dropdown-item select\" select-gebiet=\"diritto-del-lavoro\">Diritto del lavoro<\/a><a class=\"dropdown-item select\" select-gebiet=\"diritto-dellarte\">Diritto Dell'Arte<\/a><a class=\"dropdown-item select\" select-gebiet=\"diritto-della-protezione-dei-dati\">Diritto della Protezione dei Dati<\/a><a class=\"dropdown-item select\" select-gebiet=\"diritto-delle-assicurazioni\">Diritto delle assicurazioni<\/a><a class=\"dropdown-item select\" select-gebiet=\"diritto-delle-auto-depoca\">Diritto delle auto d'epoca<\/a><a class=\"dropdown-item select\" select-gebiet=\"diritto-finanziario\">Diritto Finanziario<\/a><a class=\"dropdown-item select\" select-gebiet=\"diritto-immobiliare-e-delle-costruzioni\">Diritto Immobiliare e delle Costruzioni<\/a><a class=\"dropdown-item select\" select-gebiet=\"diritto-societario-ma\">Diritto Societario \/ M&amp;A<\/a><a class=\"dropdown-item select\" select-gebiet=\"diritto-successorio-aziendale-e-pianificazione-successoria\">Diritto Successorio Aziendale e Pianificazione Successoria<\/a><a class=\"dropdown-item select\" select-gebiet=\"diritto-sulla-responsabilita-civile\">Diritto sulla responsabilit\u00e0 civile<\/a><a class=\"dropdown-item select\" select-gebiet=\"diritto-tributario\">Diritto Tributario<\/a><a class=\"dropdown-item select\" select-gebiet=\"gesellschaftsrecht-ma\">Gesellschaftsrecht\/M&amp;A<\/a><a class=\"dropdown-item select\" select-gebiet=\"gestione-dei-processi\">Gestione dei processi<\/a><a class=\"dropdown-item select\" select-gebiet=\"handelsrecht-vertriebsrecht\">Handelsrecht &amp; Vertriebsrecht<\/a><a class=\"dropdown-item select\" select-gebiet=\"kunstrecht\">Kunstrecht<\/a><a class=\"dropdown-item select\" select-gebiet=\"oldtimerrecht\">Oldtimerrecht<\/a><a class=\"dropdown-item select\" select-gebiet=\"prozessfuehrung\">Prozessf\u00fchrung<\/a><\/div><\/div>\n\t\t\t\t\t\n\t\t\t\t\t<\/div>\t\n\t\t\t\t\t<div class=\"col-lg-6 text-center\">\n\t\t\t\t\t\t\n\t\t\t\t\t\t<div class=\"drop1 dropdown show\">\n\t\t\t\t\t\t<div class=\"d-flex align-items-center\" role=\"button\"\n\t\t\t\t\t\tdata-toggle=\"dropdown\" aria-haspopup=\"true\" aria-expanded=\"false\">\n\t\t\t\t\t\t\t<div class=\"col-lg-11 d-flex justify-content-start dropdown-text\" id=\"anwaltselect\">Avvocati<\/div>\n\t\t\t\t\t\t\t\t<div class=\"col-lg-1\">\n\t\t\t\t\t\t\t\t\t<svg xmlns=\"http:\/\/www.w3.org\/2000\/svg\" width=\"16\" height=\"16\"\n\t\t\t\t\t\t\t\t\t\tfill=\"currentColor\" class=\"bi bi-chevron-down\" viewBox=\"0 0 16 16\">\n\t\t\t\t\t\t\t\t\t\t<path fill-rule=\"evenodd\"\n\t\t\t\t\t\t\t\t\t\t\td=\"M1.646 4.646a.5.5 0 0 1 .708 0L8 10.293l5.646-5.647a.5.5 0 0 1 .708.708l-6 6a.5.5 0 0 1-.708 0l-6-6a.5.5 0 0 1 0-.708z\" \/>\n\t\t\t\t\t\t\t\t\t<\/svg>\n\t\t\t\t\t\t\t\t<\/div>\n\t\t\t\t\t\t\t<\/div>\n\t\t\t\t\t\t\t<div class=\"dropdown-menu\" aria-labelledby=\"dropdownMenuLink\">\n\t\t\t\t\t\t\t\t<a class=\"dropdown-item select\" select-anwalt=\"\">Tutti<\/a><a class=\"dropdown-item select\" select-anwalt=\"233\">Martin Zeil<\/a><a class=\"dropdown-item select\" select-anwalt=\"236\">Dr. Christian Strassberger<\/a><a class=\"dropdown-item select\" select-anwalt=\"239\">Dr. Oliver Baumann<\/a><a class=\"dropdown-item select\" select-anwalt=\"242\">Ulrike D\u00f6rrie<\/a><a class=\"dropdown-item select\" select-anwalt=\"246\">Dr. Louis R\u00f6nsberg<\/a><a class=\"dropdown-item select\" select-anwalt=\"249\">Sandra Bendler-Pepy<\/a><a class=\"dropdown-item select\" select-anwalt=\"1549\">Regina Henfling<\/a><a class=\"dropdown-item select\" select-anwalt=\"264\">Maximilian Scholz<\/a><a class=\"dropdown-item select\" select-anwalt=\"271\">Marion Mucha<\/a><a class=\"dropdown-item select\" select-anwalt=\"1619\">Felix Bode<\/a><a class=\"dropdown-item select\" select-anwalt=\"1314\">Marie-Sophie D\u00f6tsch<\/a><a class=\"dropdown-item select\" select-anwalt=\"1621\">Franziska Nahrmann<\/a><a class=\"dropdown-item select\" select-anwalt=\"1623\">Florentina Fitz<\/a><\/div><\/div>\n\t\t\t\t\t\n\t\t\t\t\t\n\t\t\t\t\t<\/div>\n\t\t\t\t  <\/div><\/form><div class=\"row justify-content-md-end\" id=\"stimmenlist\"><div class=\"col-md-11\"><div class=\"row item\"><div class=\"col-md-10 gross\"><table>\r\n<tbody>\r\n<tr>\r\n<td>Un forte Italian Desk, sia nel settore dell\u00b4M&amp;A che in tutte le aree pi\u00f9 importanti del diritto commerciale generale.<\/td>\r\n<\/tr>\r\n<\/tbody>\r\n<\/table><\/div><div class=\"kunde\">The Legal 500 Germany 2024<\/div><\/div><\/div><div class=\"col-md-11\"><div class=\"row item\"><div class=\"col-md-10 gross\"><table>\r\n<tbody>\r\n<tr>\r\n<td>Il Dr. Oliver Baumann \u00e8 un professionista esperto, dedito all'impegno e collegiale.<\/td>\r\n<\/tr>\r\n<\/tbody>\r\n<\/table><\/div><div class=\"kunde\">The Legal 500 Germany 2024<\/div><\/div><\/div><div class=\"col-md-11\"><div class=\"row item\"><div class=\"col-md-10 gross\"><table>\r\n<tbody>\r\n<tr>\r\n<td>Sandra Bendler-Pepy \u00e8 eccezionale e ci affidiamo alla sua esperienza, etica e competenza nelle operazioni transfrontaliere tra Italia e Germania.<\/td>\r\n<\/tr>\r\n<\/tbody>\r\n<\/table><\/div><div class=\"kunde\">The Legal 500 Germany 2024<\/div><\/div><\/div><div class=\"col-md-11\"><div class=\"row item\"><div class=\"col-md-10 gross\">Oliver Baumann \u00e8 un eccellente avvocato del lavoro<\/div><div class=\"kunde\">The Legal 500 Germany 2024<\/div><\/div><\/div><div class=\"col-md-11\"><div class=\"row item\"><div class=\"col-md-10 gross\">RA Zeil di SLB LAW ci fornisce da molti anni un'eccellente consulenza per la stesura dei contratti con i nostri clienti internazionali. La sua pluriennale esperienza di negoziazione e le sue competenze linguistiche in inglese rendono la collaborazione con SLB LAW molto proficua.<\/div><div class=\"kunde\">Un'azienda biotecnologica di successo da 30 anni<\/div><\/div><\/div><div class=\"col-md-11\"><div class=\"row item\"><div class=\"col-md-10 gross\">Christian Stra\u00dfberger offre suggerimenti molto utili per problemi complessi.<\/div><div class=\"kunde\">Prof. Dr. B., azionista di un istituto di formazione riconosciuto dallo Stato<\/div><\/div><\/div><div class=\"col-md-11\"><div class=\"row item\"><div class=\"col-md-10 gross\">La signora D\u00f6rrie di SLB LAW ci ha rappresentato in modo eccellente in una difficile controversia nel settore della costruzione di impianti e ci ha spiegato i complessi contesti giuridici, in modo che potessimo far valere con successo le nostre richieste.<\/div><div class=\"kunde\">Martin Engelke Direttore vendite e marketing IMV Europe ltd.<\/div><\/div><\/div><div class=\"col-md-11\"><div class=\"row item\"><div class=\"col-md-10 gross\">Un sentito ringraziamento a Sandra per la sua eccezionale professionalit\u00e0 e per la sua mediazione tra le parti, che si \u00e8 rivelata preziosa per la conclusione dell'affare.<\/div><div class=\"kunde\">Cristiano N., amministratore delegato di un'importante azienda industriale italiana focalizzata sulle energie rinnovabili<\/div><\/div><\/div><div class=\"col-md-11\"><div class=\"row item\"><div class=\"col-md-10 gross\">L'avvocato Martin Zeil di SLB LAW mi ha consigliato e assistito come coerede in un caso di successione molto ampio di un testatore di origine tedesca residente negli USA e con beni in Germania da quasi 6 anni. La sua profonda conoscenza del diritto successorio e del Regolamento successorio europeo ha portato a un ottimo risultato in questo caso transnazionale. Io e il mio avvocato negli Stati Uniti abbiamo apprezzato particolarmente l'eccellente conoscenza dell'inglese dell'avvocato Zeil.<\/div><div class=\"kunde\">Lisa Clarke, Nevada, USA<\/div><\/div><\/div><div class=\"col-md-11\"><div class=\"row item\"><div class=\"col-md-10 gross\">Per evitare problemi e costi, abbiamo bisogno di un avvocato che ci accompagni costantemente e che comprenda la nostra attivit\u00e0 e fornisca una consulenza precisa. Per quasi 10 anni abbiamo trovato esattamente questo nel Dr. Baumann e nel suo team e abbiamo risolto con successo sfide molto complesse in materia di diritto societario, contrattuale e del lavoro. Apprezziamo in particolare l'alto grado di disponibilit\u00e0 del Dr. Baumann in ogni momento, il pragmatismo, l'orientamento agli obiettivi, la velocit\u00e0, la competenza e la qualit\u00e0 dell'interazione.<\/div><div class=\"kunde\">Mathias V., CEO di una delle cinque maggiori agenzie di comunicazione gestite dai proprietari in Germania.<\/div><\/div><\/div><div class=\"col-md-11\"><div class=\"row item\"><div class=\"col-md-10 gross\">SLB LAW ci fornisce da anni un'eccellente assistenza su questioni complesse di diritto edilizio. La signora D\u00f6rrie ha conoscenze ed esperienze specialistiche che applica con un approccio pratico. Lavorare con lei \u00e8 molto piacevole e facile (per un'azienda straniera) perch\u00e9 ha un'ottima conoscenza della lingua inglese.<\/div><div class=\"kunde\">Responsabile dell'ufficio legale di una societ\u00e0 olandese di costruzioni in acciaio<\/div><\/div><\/div><div class=\"col-md-11\"><div class=\"row item\"><div class=\"col-md-10 gross\">Ho scelto l\u2019avv. Bendler per essere assistito in una delicata ed articolata questione riguardante un\u2019eredit\u00e0 alla quale, successivamente, ha seguito una vendita immobiliare. Entrambe le operazioni sono andate a buon fine. Sin dall\u2019inizio l\u2019avv. Bendler ha operato efficacemente calibrando al meglio determinazione, competenza, chiarezza, completezza e concentrazione sugli obiettivi. Ho altres\u00ec molto apprezzato la sua capacit\u00e0 di ascolto e l\u2019empatia con cui ha saputo affiancarmi in questa delicata vicenda dai forti risvolti privati, durante tutti i vari passaggi. Con un efficiente supporto da parte del suo staff, ha saputo raggiungere tutti gli scopi che avevamo concordato riferiti ai miei obiettivi, oltretutto rispettando le previsioni di tempi e spesa. Un sentito grazie all\u2019avv. Bendler e alla dott.sa Fiore<\/div><div class=\"kunde\">Enrico P., Consulente di Direzione e titolare di impresa<\/div><\/div><\/div><div class=\"col-md-11\"><div class=\"row item\"><div class=\"col-md-10 gross\">RA Martin Zeil di SLB LAW ci ha fornito un supporto molto competente durante la trasformazione della nostra azienda in una GmbH, consentendoci di attuare questo complesso processo nei tempi previsti\".<\/div><div class=\"kunde\">Sabine Radiske, CEO di TRIGA-S GmbH, Habach<\/div><\/div><\/div><div class=\"col-md-11\"><div class=\"row item\"><div class=\"col-md-10 gross\">Il Dr. Baumann del Team SLB LAW mi ha fornito un eccellente supporto in una procedura personale. Il suo alto livello di competenza professionale, la sua scioltezza argomentativa, la sua affidabilit\u00e0 e il suo impegno sono sorprendenti. Il modo amichevole del Dr. Baumann, unito all'acutezza giuridica e alla chiarezza, d\u00e0 ai clienti la necessaria certezza di essere rappresentati in modo adeguato.<\/div><div class=\"kunde\">Helmut Minor, Amministratore delegato di envenance GmbH<\/div><\/div><\/div><div class=\"col-md-11\"><div class=\"row item\"><div class=\"col-md-10 gross\">Il team di SLB LAW, in particolare l\u2019avvocato Sandra Bendler-Pepy ci ha fornito un supporto eccellente in questioni legali complesse in ambito societario e dell\u2019energia. Ci ha convinto in particolare l'approccio molto orientato alle soluzioni e all'essenziale.<\/div><div class=\"kunde\">Group General Counsel di una societ\u00e0 per azioni italiana leader nel settore della fabbricazione di prodotti tecnologicamente avanzati e nella fornitura di servizi per la distribuzione e l'utilizzo del gas naturale <\/div><\/div><\/div><div class=\"col-md-11\"><div class=\"row item\"><div class=\"col-md-10 gross\">A causa della complessit\u00e0 della nostra struttura aziendale multinazionale, molti studi legali non hanno potuto aiutarci con la nostra richiesta. Il team di SLB LAW ci ha fornito un eccellente supporto per la costituzione della societ\u00e0 in Germania. Non solo hanno risolto problemi complessi con i tribunali e le autorit\u00e0 fiscali, ma anche con le banche. Siamo rimasti particolarmente colpiti dall'approccio molto orientato alla soluzione e incredibilmente veloce in ogni momento.<\/div><div class=\"kunde\">Sertac Demirezen \/ VP di Navigator International, LLC USA<\/div><\/div><\/div><div class=\"col-md-11\"><div class=\"row item\"><div class=\"col-md-10 gross\">Conosciamo da diversi anni SLB LAW nella persona dell\u2019avvocatessa Bendler -Pepy e ne apprezziamo la competenza nelle gestioni a noi riservate con successo, pertanto continueremo ad avvalerci anche per il futuro dello studio SLB LAW.<\/div><div class=\"kunde\">Mauro T., direttore di azienda industriale italiana<\/div><\/div><\/div><div class=\"col-md-11\"><div class=\"row item\"><div class=\"col-md-10 gross\">Quando penso alla collaborazione con SLB LAW, mi vengono subito in mente altre due parole, oltre a competenza: \" reattivit\u00e0 e partnership\". \u00c8 come far parte della stessa azienda.<\/div><div class=\"kunde\">CEO di un Gruppo industriale tedesco<\/div><\/div><\/div><\/div>\n\n<\/div>\n","protected":false},"excerpt":{"rendered":"","protected":false},"author":1,"featured_media":0,"parent":88,"menu_order":0,"comment_status":"closed","ping_status":"closed","template":"","meta":{"footnotes":""},"class_list":["post-84","page","type-page","status-publish","hentry"],"yoast_head":"<!-- This site is optimized with the Yoast SEO plugin v25.7 - https:\/\/yoast.com\/wordpress\/plugins\/seo\/ -->\n<title>Opinioni dei clienti - IT SLB Avvocati, Monaco di Baviera<\/title>\n<meta name=\"robots\" content=\"index, follow, max-snippet:-1, max-image-preview:large, max-video-preview:-1\" \/>\n<link rel=\"canonical\" href=\"https:\/\/www.slb-law.de\/it\/referenze\/opinioni-dei-clienti\/\" \/>\n<meta property=\"og:locale\" content=\"it_IT\" \/>\n<meta property=\"og:type\" content=\"article\" \/>\n<meta property=\"og:title\" content=\"Opinioni dei clienti - IT SLB Avvocati, Monaco di Baviera\" \/>\n<meta property=\"og:url\" content=\"https:\/\/www.slb-law.de\/it\/referenze\/opinioni-dei-clienti\/\" \/>\n<meta property=\"og:site_name\" content=\"IT SLB Avvocati, Monaco di Baviera\" \/>\n<meta property=\"article:modified_time\" content=\"2023-05-30T14:41:45+00:00\" \/>\n<meta name=\"twitter:card\" content=\"summary_large_image\" \/>\n<meta name=\"twitter:label1\" content=\"Tempo di lettura stimato\" \/>\n\t<meta name=\"twitter:data1\" content=\"1 minuto\" \/>\n<script type=\"application\/ld+json\" class=\"yoast-schema-graph\">{\"@context\":\"https:\/\/schema.org\",\"@graph\":[{\"@type\":\"WebPage\",\"@id\":\"https:\/\/www.slb-law.de\/it\/referenze\/opinioni-dei-clienti\/\",\"url\":\"https:\/\/www.slb-law.de\/it\/referenze\/opinioni-dei-clienti\/\",\"name\":\"Opinioni dei clienti - IT SLB Avvocati, Monaco di Baviera\",\"isPartOf\":{\"@id\":\"https:\/\/www.slb-law.de\/it\/#website\"},\"datePublished\":\"2023-04-04T11:56:43+00:00\",\"dateModified\":\"2023-05-30T14:41:45+00:00\",\"breadcrumb\":{\"@id\":\"https:\/\/www.slb-law.de\/it\/referenze\/opinioni-dei-clienti\/#breadcrumb\"},\"inLanguage\":\"it-IT\",\"potentialAction\":[{\"@type\":\"ReadAction\",\"target\":[\"https:\/\/www.slb-law.de\/it\/referenze\/opinioni-dei-clienti\/\"]}]},{\"@type\":\"BreadcrumbList\",\"@id\":\"https:\/\/www.slb-law.de\/it\/referenze\/opinioni-dei-clienti\/#breadcrumb\",\"itemListElement\":[{\"@type\":\"ListItem\",\"position\":1,\"name\":\"Referenze\",\"item\":\"http:\/\/www.slb-law.de\/it\/referenze\/\"},{\"@type\":\"ListItem\",\"position\":2,\"name\":\"Opinioni dei clienti\"}]},{\"@type\":\"WebSite\",\"@id\":\"https:\/\/www.slb-law.de\/it\/#website\",\"url\":\"https:\/\/www.slb-law.de\/it\/\",\"name\":\"IT SLB Avvocati, Monaco di Baviera\",\"description\":\"Eine weitere SLB Rechtsanw\u00e4lte, M\u00fcnchen Websites Website\",\"potentialAction\":[{\"@type\":\"SearchAction\",\"target\":{\"@type\":\"EntryPoint\",\"urlTemplate\":\"https:\/\/www.slb-law.de\/it\/?s={search_term_string}\"},\"query-input\":{\"@type\":\"PropertyValueSpecification\",\"valueRequired\":true,\"valueName\":\"search_term_string\"}}],\"inLanguage\":\"it-IT\"}]}<\/script>\n<!-- \/ Yoast SEO plugin. -->","yoast_head_json":{"title":"Opinioni dei clienti - IT SLB Avvocati, Monaco di Baviera","robots":{"index":"index","follow":"follow","max-snippet":"max-snippet:-1","max-image-preview":"max-image-preview:large","max-video-preview":"max-video-preview:-1"},"canonical":"https:\/\/www.slb-law.de\/it\/referenze\/opinioni-dei-clienti\/","og_locale":"it_IT","og_type":"article","og_title":"Opinioni dei clienti - IT SLB Avvocati, Monaco di Baviera","og_url":"https:\/\/www.slb-law.de\/it\/referenze\/opinioni-dei-clienti\/","og_site_name":"IT SLB Avvocati, Monaco di Baviera","article_modified_time":"2023-05-30T14:41:45+00:00","twitter_card":"summary_large_image","twitter_misc":{"Tempo di lettura stimato":"1 minuto"},"schema":{"@context":"https:\/\/schema.org","@graph":[{"@type":"WebPage","@id":"https:\/\/www.slb-law.de\/it\/referenze\/opinioni-dei-clienti\/","url":"https:\/\/www.slb-law.de\/it\/referenze\/opinioni-dei-clienti\/","name":"Opinioni dei clienti - IT SLB Avvocati, Monaco di Baviera","isPartOf":{"@id":"https:\/\/www.slb-law.de\/it\/#website"},"datePublished":"2023-04-04T11:56:43+00:00","dateModified":"2023-05-30T14:41:45+00:00","breadcrumb":{"@id":"https:\/\/www.slb-law.de\/it\/referenze\/opinioni-dei-clienti\/#breadcrumb"},"inLanguage":"it-IT","potentialAction":[{"@type":"ReadAction","target":["https:\/\/www.slb-law.de\/it\/referenze\/opinioni-dei-clienti\/"]}]},{"@type":"BreadcrumbList","@id":"https:\/\/www.slb-law.de\/it\/referenze\/opinioni-dei-clienti\/#breadcrumb","itemListElement":[{"@type":"ListItem","position":1,"name":"Referenze","item":"http:\/\/www.slb-law.de\/it\/referenze\/"},{"@type":"ListItem","position":2,"name":"Opinioni dei clienti"}]},{"@type":"WebSite","@id":"https:\/\/www.slb-law.de\/it\/#website","url":"https:\/\/www.slb-law.de\/it\/","name":"IT SLB Avvocati, Monaco di Baviera","description":"Eine weitere SLB Rechtsanw\u00e4lte, M\u00fcnchen Websites Website","potentialAction":[{"@type":"SearchAction","target":{"@type":"EntryPoint","urlTemplate":"https:\/\/www.slb-law.de\/it\/?s={search_term_string}"},"query-input":{"@type":"PropertyValueSpecification","valueRequired":true,"valueName":"search_term_string"}}],"inLanguage":"it-IT"}]}},"_links":{"self":[{"href":"https:\/\/www.slb-law.de\/it\/wp-json\/wp\/v2\/pages\/84","targetHints":{"allow":["GET"]}}],"collection":[{"href":"https:\/\/www.slb-law.de\/it\/wp-json\/wp\/v2\/pages"}],"about":[{"href":"https:\/\/www.slb-law.de\/it\/wp-json\/wp\/v2\/types\/page"}],"author":[{"embeddable":true,"href":"https:\/\/www.slb-law.de\/it\/wp-json\/wp\/v2\/users\/1"}],"replies":[{"embeddable":true,"href":"https:\/\/www.slb-law.de\/it\/wp-json\/wp\/v2\/comments?post=84"}],"version-history":[{"count":4,"href":"https:\/\/www.slb-law.de\/it\/wp-json\/wp\/v2\/pages\/84\/revisions"}],"predecessor-version":[{"id":1071,"href":"https:\/\/www.slb-law.de\/it\/wp-json\/wp\/v2\/pages\/84\/revisions\/1071"}],"up":[{"embeddable":true,"href":"https:\/\/www.slb-law.de\/it\/wp-json\/wp\/v2\/pages\/88"}],"wp:attachment":[{"href":"https:\/\/www.slb-law.de\/it\/wp-json\/wp\/v2\/media?parent=84"}],"curies":[{"name":"wp","href":"https:\/\/api.w.org\/{rel}","templated":true}]}}