{"id":79,"date":"2023-04-04T13:55:43","date_gmt":"2023-04-04T11:55:43","guid":{"rendered":"https:\/\/www.slb-law.de\/it\/karriere\/"},"modified":"2023-05-25T10:06:35","modified_gmt":"2023-05-25T08:06:35","slug":"carriere","status":"publish","type":"page","link":"https:\/\/www.slb-law.de\/it\/carriere\/","title":{"rendered":"Carriere"},"content":{"rendered":"<div class=\"wp-bootstrap-blocks-row row texthead\">\n\t\n\n<div class=\"col-12 col-md-6\">\n\t\t\t\n\n<h1 class=\"wp-block-heading\">Carriere presso SLB LAW<\/h1>\n\n\t<\/div>\n\n\n\n<div class=\"col-12 col-md-6\">\n\t\t\t\t<\/div>\n\n<\/div>\n\n\n<div class=\"wp-bootstrap-blocks-row row texthead\">\n\t\n\n<div class=\"col-12 col-md-6\">\n\t\t\t\t<\/div>\n\n\n\n<div class=\"col-12 col-md-6\">\n\t\t\t\n\n<p>La diversit\u00e0 \u00e8 ci\u00f2 che rende forte una squadra. Noi ci crediamo fermamente. Ognuno di noi ha punti di forza, aree di interesse e passioni diverse, ma abbiamo tutti lo stesso obiettivo: il miglior risultato per i nostri clienti. Se condividete questo obiettivo, saremo lieti di avervi tra noi.<\/p>\n\n\t<\/div>\n\n<\/div>\n\n\n\n<div style=\"height:10px\" aria-hidden=\"true\" class=\"wp-block-spacer\"><\/div>\n\n\n<div class=\"wp-bootstrap-blocks-container container mb-2\">\n\t\n\n<div class=\"wp-block-cover is-light text50\"><span aria-hidden=\"true\" class=\"wp-block-cover__background has-background-dim-0 has-background-dim\"><\/span><img decoding=\"async\" class=\"wp-block-cover__image-background wp-image-1719\" alt=\"\" src=\"https:\/\/www.slb-law.de\/it\/wp-content\/uploads\/sites\/4\/2023\/04\/Karriere.jpg\" style=\"object-position:35% 60%\" data-object-fit=\"cover\" data-object-position=\"35% 60%\"\/><div class=\"wp-block-cover__inner-container is-layout-flow wp-block-cover-is-layout-flow\">\n<div style=\"height:10px\" aria-hidden=\"true\" class=\"wp-block-spacer\"><\/div>\n\n\n\n<p class=\"has-text-align-left has-large-font-size\">Entrate a far parte del nostro team<\/p>\n\n\n<div class=\"wp-bootstrap-blocks-button\">\n\t<a\n\t\thref=\"#bewerbung\"\n\t\t\t\t\t\tclass=\"btn btn-primary\"\n\t>\n\t\tDomanda non richiesta\t<\/a>\n<\/div>\n\n\n<div class=\"wp-bootstrap-blocks-button\">\n\t<a\n\t\thref=\"#stellenangebote\"\n\t\t\t\t\t\tclass=\"btn btn-primary\"\n\t>\n\t\tOfferte di lavoro\t<\/a>\n<\/div>\n<\/div><\/div>\n\n<\/div>\n\n\n\n<div style=\"height:10px\" aria-hidden=\"true\" class=\"wp-block-spacer\"><\/div>\n\n\n<div class=\"wp-bootstrap-blocks-container container mb-2\">\n\t\n\n<h2 class=\"wp-block-heading\">Diamo grande valore a una formazione eccellente<\/h2>\n\n\n\n<p>Non abbiamo un biliardino o un tavolo da ping-pong, ma abbiamo molte sfide interessanti e opportunit\u00e0 di crescita. Perch\u00e9 il nostro obiettivo \u00e8 formare colleghi indipendenti con il miglior supporto possibile, che lavorino sui mandati in modo autonomo, accompagnati dai nostri specialisti. Allo stesso tempo, la qualit\u00e0 della vita non viene trascurata. Non a caso abbiamo scelto deliberatamente un approccio da studio legale di medie dimensioni, che per noi combina il meglio dei due mondi: un&#8217;atmosfera amichevole in un team gestibile e un alto grado di specializzazione con mandati vari e interessanti.<\/p>\n\n<\/div>\n\n\n\n<div style=\"height:80px\" aria-hidden=\"true\" class=\"wp-block-spacer a80\"><\/div>\n\n\n<div class=\"wp-bootstrap-blocks-container container mb-2\">\n\t\n\n<h2 class=\"wp-block-heading\">Cosa ci contraddistingue<\/h2>\n\n\n\n<p>Incoraggiamo i nostri dipendenti a sentirsi a proprio agio, a crescere e a sviluppare appieno le proprie capacit\u00e0 individuali. Il supporto che questo richiede varia da persona a persona. Inoltre, il nostro ufficio offre le migliori condizioni.<\/p>\n<ol>\n<li>\n<h3>Apertura mentale<\/h3>\n<p>Che siate partner o associati, professionisti o privati, le porte del nostro ufficio sono sempre aperte. Che si tratti di scambiare opinioni, di discutere una questione specifica o di pensare fuori dagli schemi. Per noi, la capacit\u00e0 di accettare le critiche e la disponibilit\u00e0 a mettere in discussione i propri punti di vista sono parte integrante del lavoro. Perch\u00e9 solo chi \u00e8 aperto alle novit\u00e0 pu\u00f2 svilupparsi ulteriormente e creare spazio per la soluzione migliore.<\/p>\n<\/li>\n<li>\n<h3>Spirito di squadra<\/h3>\n<p>Riusciamo a superare i compiti pi\u00f9 difficili &#8211; insieme. Perch\u00e9 sappiamo che il pieno potenziale si sviluppa solo nell&#8217;interazione di menti diverse e dall&#8217;esperienza che ognuno di noi ha punti di forza diversi. E poi c&#8217;\u00e8 un altro motivo: risolvere casi difficili e festeggiare i successi \u00e8 semplicemente pi\u00f9 divertente insieme.<\/p>\n<\/li>\n<li>\n<h3>Assistenza<\/h3>\n<p>Consulenza e assistenza legale ai massimi livelli: questa \u00e8 la nostra pretesa. Ci\u00f2 richiede una formazione e un aggiornamento di prim&#8217;ordine. Formiamo i nostri collaboratori e li sosteniamo in azioni di perfezionamento esterne, nell&#8217;acquisizione di titoli di avvocato specializzato o in progetti di dottorato. Li motiviamo ad accrescere il proprio potenziale e a svilupparsi. Siamo convinti che siano i nostri collaboratori a rendere speciale SLB LAW.<\/p>\n<\/li>\n<\/ol>\n\n<\/div>\n\n\n\n<div style=\"height:80px\" aria-hidden=\"true\" class=\"wp-block-spacer a80\"><\/div>\n\n\n<div class=\"wp-bootstrap-blocks-row row texthead\">\n\t\n\n<div class=\"col-12 col-md-6\">\n\t\t\t\n\n<h2 class=\"wp-block-heading\">Conoscerci meglio<\/h2>\n\n\t<\/div>\n\n\n\n<div class=\"col-12 col-md-6\">\n\t\t\t\t<\/div>\n\n<\/div>\n\n\n<div class=\"wp-bootstrap-blocks-row row texthead\">\n\t\n\n<div class=\"col-12 col-md-6\">\n\t\t\t\t<\/div>\n\n\n\n<div class=\"col-12 col-md-6\">\n\t\t\t\n\n<p>Puntiamo sul contatto personale, perch\u00e9 la cooperazione nella gestione dei clienti si basa anche sull&#8217;interazione personale. Un tour virtuale non pu\u00f2 sostituire una visita. Se ci sono le condizioni di base, saremo lieti di presentarvi il nostro team e di mostrarvi i nostri uffici.<\/p>\n\n\t<\/div>\n\n<\/div>\n\n\n\n<div style=\"height:80px\" aria-hidden=\"true\" class=\"wp-block-spacer a80\"><\/div>\n\n\n<div class=\"row teaserrow\"><div class=\"col-sm-6\"><div class=\"teaser\"><img decoding=\"async\" src=\"https:\/\/www.slb-law.de\/it\/wp-content\/themes\/bootscore-child-main\/img\/buero-icon.png\"><h3>Uffici<\/h3><div>Noi lavoriamo qui<\/div><a href=\"https:\/\/www.slb-law.de\/it\/carriere\/\" class=\"btn btn-secondary\" id=\"buerogalery\">Slideshow<\/a><\/div><\/div><div class=\"col-sm-6\"><div class=\"teaser\"><img decoding=\"async\" src=\"https:\/\/www.slb-law.de\/it\/wp-content\/themes\/bootscore-child-main\/img\/team-icon.png\"><h3>Un Team<\/h3><div>Diventare parte di esso<\/div><a href=\"https:\/\/www.slb-law.de\/it\/professionisti\/\" class=\"btn btn-secondary\">Avvocati<\/a><\/div><\/div><\/div>\n\n\n\n<div style=\"height:80px\" aria-hidden=\"true\" id=\"stellenangebote\" class=\"wp-block-spacer a80\"><\/div>\n\n\n\n\n\n\n<div style=\"height:120px\" aria-hidden=\"true\" id=\"bewerbung\" class=\"wp-block-spacer\"><\/div>\n\n\n\n<h2 class=\"wp-block-heading\">Inviatemi la vostra candidatura.<\/h2>\n\n\n<div class=\"anwaltlist graybackspalte col-12\"><div class=\"row \"><div class=\"col-lg-6 imgleft\"> <a href=\"https:\/\/www.slb-law.de\/it\/professionisti\/dr-oliver-baumann-avvocato-diritto-del-lavoro-diritto-commerciale-diritto-societario\/\"><img decoding=\"async\" src=\"https:\/\/www.slb-law.de\/it\/wp-content\/uploads\/sites\/4\/2023\/04\/NEU-885x635-Baumann-Oliver_B.jpg\" alt=\"Dr. Oliver Baumann\"><\/a><\/div>\n\t\t\t\t\t\t<div class=\"col-lg-6 text\"><div class=\"centerwarp\"><h3>\u201eFare l'avvocato \u00e8 per me sia una professione che una passione. Mi soddisfa difendere i miei clienti.\u201c<\/h3><div class=\"name\">Dr. Oliver Baumann<\/div><div class=\"abs\">Rechtsanwalt (Avvocato abilitato in Germania), Partner<br \/>\r\nCertificazione di Avvocato specializzato in diritto del lavoro <br \/>\r\n(Fachanwalt f\u00fcr Arbeitsrecht)<br \/>\r\nCertificazione di Avvocato specializzato in diritto commerciale e societario (Fachanwalt f\u00fcr Handels-und Gesellschaftsrecht)<\/div>\n\t\t\t\t\t\t<div class=\"abs\"><a href=\"#\" an=\"239\" class=\"button btn btn-outline-dark contact\">Contatti<\/a> <a href=\"https:\/\/www.slb-law.de\/it\/professionisti\/dr-oliver-baumann-avvocato-diritto-del-lavoro-diritto-commerciale-diritto-societario\/\" class=\"btn btn-outline-dark\">Profilo<\/a><\/div><a href=\"https:\/\/www.linkedin.com\/in\/oliver-baumann-5b97a025\/\" class=\"sociallink\" target=\"_blank\">LinkedIn<\/a> \n\t\t\t\t\t\t<\/div><\/div><\/div><\/div>\n\n\n\n<div style=\"height:100px\" aria-hidden=\"true\" class=\"wp-block-spacer a80\"><\/div>\n\n\n<div class=\"modal\" id=\"modal-galerie\"><div class=\"modal-content\"><a href=\"#\" class=\"sliderclose\"><img decoding=\"async\" src=\"https:\/\/www.slb-law.de\/it\/wp-content\/themes\/bootscore-child-main\/img\/close.png\"><\/a><div class=\"modal-site d-flex flex-column\"><div class=\"modal-content anwalt-slide\"><\/div><\/div><\/div><\/div>\n","protected":false},"excerpt":{"rendered":"<p>Inviatemi la vostra candidatura.<\/p>\n","protected":false},"author":1,"featured_media":0,"parent":0,"menu_order":0,"comment_status":"closed","ping_status":"closed","template":"","meta":{"footnotes":""},"class_list":["post-79","page","type-page","status-publish","hentry"],"yoast_head":"<!-- This site is optimized with the Yoast SEO plugin v25.7 - https:\/\/yoast.com\/wordpress\/plugins\/seo\/ -->\n<title>Carriere - IT SLB Avvocati, Monaco di Baviera<\/title>\n<meta name=\"robots\" content=\"index, follow, max-snippet:-1, max-image-preview:large, max-video-preview:-1\" \/>\n<link rel=\"canonical\" href=\"https:\/\/www.slb-law.de\/it\/carriere\/\" \/>\n<meta property=\"og:locale\" content=\"it_IT\" \/>\n<meta property=\"og:type\" content=\"article\" \/>\n<meta property=\"og:title\" content=\"Carriere - IT SLB Avvocati, Monaco di Baviera\" \/>\n<meta property=\"og:description\" content=\"Inviatemi la vostra candidatura.\" \/>\n<meta property=\"og:url\" content=\"https:\/\/www.slb-law.de\/it\/carriere\/\" \/>\n<meta property=\"og:site_name\" content=\"IT SLB Avvocati, Monaco di Baviera\" \/>\n<meta property=\"article:modified_time\" content=\"2023-05-25T08:06:35+00:00\" \/>\n<meta property=\"og:image\" content=\"https:\/\/www.slb-law.de\/it\/wp-content\/uploads\/sites\/4\/2023\/04\/Karriere.jpg\" \/>\n<meta name=\"twitter:card\" content=\"summary_large_image\" \/>\n<meta name=\"twitter:label1\" content=\"Tempo di lettura stimato\" \/>\n\t<meta name=\"twitter:data1\" content=\"3 minuti\" \/>\n<script type=\"application\/ld+json\" class=\"yoast-schema-graph\">{\"@context\":\"https:\/\/schema.org\",\"@graph\":[{\"@type\":\"WebPage\",\"@id\":\"https:\/\/www.slb-law.de\/it\/carriere\/\",\"url\":\"https:\/\/www.slb-law.de\/it\/carriere\/\",\"name\":\"Carriere - IT SLB Avvocati, Monaco di Baviera\",\"isPartOf\":{\"@id\":\"https:\/\/www.slb-law.de\/it\/#website\"},\"primaryImageOfPage\":{\"@id\":\"https:\/\/www.slb-law.de\/it\/carriere\/#primaryimage\"},\"image\":{\"@id\":\"https:\/\/www.slb-law.de\/it\/carriere\/#primaryimage\"},\"thumbnailUrl\":\"https:\/\/www.slb-law.de\/it\/wp-content\/uploads\/sites\/4\/2023\/04\/Karriere.jpg\",\"datePublished\":\"2023-04-04T11:55:43+00:00\",\"dateModified\":\"2023-05-25T08:06:35+00:00\",\"inLanguage\":\"it-IT\",\"potentialAction\":[{\"@type\":\"ReadAction\",\"target\":[\"https:\/\/www.slb-law.de\/it\/carriere\/\"]}]},{\"@type\":\"ImageObject\",\"inLanguage\":\"it-IT\",\"@id\":\"https:\/\/www.slb-law.de\/it\/carriere\/#primaryimage\",\"url\":\"https:\/\/www.slb-law.de\/it\/wp-content\/uploads\/sites\/4\/2023\/04\/Karriere.jpg\",\"contentUrl\":\"https:\/\/www.slb-law.de\/it\/wp-content\/uploads\/sites\/4\/2023\/04\/Karriere.jpg\",\"width\":1770,\"height\":687},{\"@type\":\"WebSite\",\"@id\":\"https:\/\/www.slb-law.de\/it\/#website\",\"url\":\"https:\/\/www.slb-law.de\/it\/\",\"name\":\"IT SLB Avvocati, Monaco di Baviera\",\"description\":\"Eine weitere SLB Rechtsanw\u00e4lte, M\u00fcnchen Websites Website\",\"potentialAction\":[{\"@type\":\"SearchAction\",\"target\":{\"@type\":\"EntryPoint\",\"urlTemplate\":\"https:\/\/www.slb-law.de\/it\/?s={search_term_string}\"},\"query-input\":{\"@type\":\"PropertyValueSpecification\",\"valueRequired\":true,\"valueName\":\"search_term_string\"}}],\"inLanguage\":\"it-IT\"}]}<\/script>\n<!-- \/ Yoast SEO plugin. -->","yoast_head_json":{"title":"Carriere - IT SLB Avvocati, Monaco di Baviera","robots":{"index":"index","follow":"follow","max-snippet":"max-snippet:-1","max-image-preview":"max-image-preview:large","max-video-preview":"max-video-preview:-1"},"canonical":"https:\/\/www.slb-law.de\/it\/carriere\/","og_locale":"it_IT","og_type":"article","og_title":"Carriere - IT SLB Avvocati, Monaco di Baviera","og_description":"Inviatemi la vostra candidatura.","og_url":"https:\/\/www.slb-law.de\/it\/carriere\/","og_site_name":"IT SLB Avvocati, Monaco di Baviera","article_modified_time":"2023-05-25T08:06:35+00:00","og_image":[{"url":"https:\/\/www.slb-law.de\/it\/wp-content\/uploads\/sites\/4\/2023\/04\/Karriere.jpg","type":"","width":"","height":""}],"twitter_card":"summary_large_image","twitter_misc":{"Tempo di lettura stimato":"3 minuti"},"schema":{"@context":"https:\/\/schema.org","@graph":[{"@type":"WebPage","@id":"https:\/\/www.slb-law.de\/it\/carriere\/","url":"https:\/\/www.slb-law.de\/it\/carriere\/","name":"Carriere - IT SLB Avvocati, Monaco di Baviera","isPartOf":{"@id":"https:\/\/www.slb-law.de\/it\/#website"},"primaryImageOfPage":{"@id":"https:\/\/www.slb-law.de\/it\/carriere\/#primaryimage"},"image":{"@id":"https:\/\/www.slb-law.de\/it\/carriere\/#primaryimage"},"thumbnailUrl":"https:\/\/www.slb-law.de\/it\/wp-content\/uploads\/sites\/4\/2023\/04\/Karriere.jpg","datePublished":"2023-04-04T11:55:43+00:00","dateModified":"2023-05-25T08:06:35+00:00","inLanguage":"it-IT","potentialAction":[{"@type":"ReadAction","target":["https:\/\/www.slb-law.de\/it\/carriere\/"]}]},{"@type":"ImageObject","inLanguage":"it-IT","@id":"https:\/\/www.slb-law.de\/it\/carriere\/#primaryimage","url":"https:\/\/www.slb-law.de\/it\/wp-content\/uploads\/sites\/4\/2023\/04\/Karriere.jpg","contentUrl":"https:\/\/www.slb-law.de\/it\/wp-content\/uploads\/sites\/4\/2023\/04\/Karriere.jpg","width":1770,"height":687},{"@type":"WebSite","@id":"https:\/\/www.slb-law.de\/it\/#website","url":"https:\/\/www.slb-law.de\/it\/","name":"IT SLB Avvocati, Monaco di Baviera","description":"Eine weitere SLB Rechtsanw\u00e4lte, M\u00fcnchen Websites Website","potentialAction":[{"@type":"SearchAction","target":{"@type":"EntryPoint","urlTemplate":"https:\/\/www.slb-law.de\/it\/?s={search_term_string}"},"query-input":{"@type":"PropertyValueSpecification","valueRequired":true,"valueName":"search_term_string"}}],"inLanguage":"it-IT"}]}},"_links":{"self":[{"href":"https:\/\/www.slb-law.de\/it\/wp-json\/wp\/v2\/pages\/79","targetHints":{"allow":["GET"]}}],"collection":[{"href":"https:\/\/www.slb-law.de\/it\/wp-json\/wp\/v2\/pages"}],"about":[{"href":"https:\/\/www.slb-law.de\/it\/wp-json\/wp\/v2\/types\/page"}],"author":[{"embeddable":true,"href":"https:\/\/www.slb-law.de\/it\/wp-json\/wp\/v2\/users\/1"}],"replies":[{"embeddable":true,"href":"https:\/\/www.slb-law.de\/it\/wp-json\/wp\/v2\/comments?post=79"}],"version-history":[{"count":7,"href":"https:\/\/www.slb-law.de\/it\/wp-json\/wp\/v2\/pages\/79\/revisions"}],"predecessor-version":[{"id":1000,"href":"https:\/\/www.slb-law.de\/it\/wp-json\/wp\/v2\/pages\/79\/revisions\/1000"}],"wp:attachment":[{"href":"https:\/\/www.slb-law.de\/it\/wp-json\/wp\/v2\/media?parent=79"}],"curies":[{"name":"wp","href":"https:\/\/api.w.org\/{rel}","templated":true}]}}