{"id":62,"date":"2023-04-04T13:52:56","date_gmt":"2023-04-04T11:52:56","guid":{"rendered":"https:\/\/www.slb-law.de\/it\/anfahrt\/"},"modified":"2023-04-17T15:08:38","modified_gmt":"2023-04-17T13:08:38","slug":"approccio","status":"publish","type":"page","link":"https:\/\/www.slb-law.de\/it\/approccio\/","title":{"rendered":"Approccio"},"content":{"rendered":"<div class=\"wp-bootstrap-blocks-container container mb-2\">\n\t\n\n<h1 class=\"wp-block-heading\">Come trovarci<\/h1>\n\n<\/div>\n\n\n<div class=\"wp-bootstrap-blocks-container container mb-2\">\n\t\n\n<figure class=\"wp-block-image size-full\"><img decoding=\"async\" src=\"https:\/\/www.slb-law.de\/it\/wp-content\/uploads\/sites\/4\/2023\/04\/anfahrt-header.jpg\" alt=\"\" class=\"wp-image-1046\"\/><\/figure>\n\n<\/div>\n\n\n\n<div style=\"height:15px\" aria-hidden=\"true\" class=\"wp-block-spacer\"><\/div>\n\n\n<div class=\"wp-bootstrap-blocks-container container mb-2\">\n\t\n\n<h2 class=\"wp-block-heading\">Approccio<\/h2>\n\n\n\n<p>Il nostro ufficio si trova in Leopoldstrasse 175, a Monaco di Baviera, verso il centro della citt\u00e0, proprio dietro il &#8220;Mittlerer Ring&#8221;:<\/p>\n\n<\/div>\n\n\n<div class=\"wp-bootstrap-blocks-container container mb-2 image-row\">\n\t\n\n<figure class=\"wp-block-image size-full image-left\"><img decoding=\"async\" src=\"https:\/\/www.slb-law.de\/it\/wp-content\/uploads\/sites\/4\/2023\/04\/car-icon.png\" alt=\"\" class=\"wp-image-1049\" title=\"\"\/><\/figure>\n\n\n<div class=\"wp-bootstrap-blocks-container container mb-2\">\n\t\n\n<h2 class=\"wp-block-heading\">Auto<\/h2>\n\n\n\n<p>Nell&#8217;edificio sono disponibili parcheggi sotterranei per i nostri visitatori. Si prega di suonare il campanello del citofono accanto all&#8217;ingresso del parcheggio sotterraneo. Qui troverete le indicazioni per raggiungere i nostri parcheggi sotterranei.<\/p>\n\n\n\n<p><\/p>\n\n<\/div>\n\n<\/div>\n\n\n<div class=\"wp-bootstrap-blocks-container container mb-2 image-row\">\n\t\n\n<figure class=\"wp-block-image size-full image-left\"><img decoding=\"async\" src=\"https:\/\/www.slb-law.de\/it\/wp-content\/uploads\/sites\/4\/2023\/04\/train-icon.png\" alt=\"\" class=\"wp-image-1054\" title=\"\"\/><\/figure>\n\n\n<div class=\"wp-bootstrap-blocks-container container mb-2\">\n\t\n\n<h2 class=\"wp-block-heading\">Trasporto pubblico<\/h2>\n\n\n\n<p>Stazione della metropolitana Scheidplatz (U 2), raggiungibile con la linea di autobus 141 in direzione &#8220;D\u00fclferstra\u00dfe&#8221;. Scendere dopo circa 5 minuti alla fermata &#8220;Wilhelm-Hertz-Stra\u00dfe&#8221;. L&#8217;ufficio si trova sul lato opposto della strada. In alternativa, prendere la U3\/U6 fino alla fermata &#8220;M\u00fcnchner Freiheit&#8221; e da l\u00ec la linea del tram (scendere alla 2\u00aa o 3\u00aa fermata).<\/p>\n\n\n\n<p><\/p>\n\n<\/div>\n\n<\/div>\n\n\n\n<div style=\"height:80px\" aria-hidden=\"true\" class=\"wp-block-spacer a80\"><\/div>\n\n\n    <div class=\"exggmap-wrapper is-style-wide\" style=\"aspect-ratio:16 \/ 8\">\r\n      <div class=\"exggmap-mask\" style=\"background-color: #000000; color:#fff\">\r\n        <div class=\"exggmap-mask-content\">\r\n        <p class=\"exggmap-caption\">GDPR MAP<\/p>\r\n            <button style=\"color: #fff; background-color: #693e91; border-color: #fff\"  id=\"exggmap-btn\">Accettare Google Maps *<\/button>\r\n        <\/div>\r\n              <\/div>\r\n      <iframe\r\n        data-src=\"https:\/\/www.google.com\/maps\/embed?pb=!1m18!1m12!1m3!1d2373.7378779644846!2d10.220001315391263!3d53.49101317156689!2m3!1f0!2f0!3f0!3m2!1i1024!2i768!4f13.1!3m3!1m2!1s0x47b1f261a2851b8d%3A0x888d5265c23338a6!2sSeniorenzentrum%20St.%20Klara!5e0!3m2!1sen!2sde!4v1586632120317!5m2!1sen!2sde\"\r\n        frameborder=\"0\"\r\n        allowfullscreen=\"\"\r\n        aria-hidden=\"false\"\r\n        tabindex=\"0\">\r\n      <\/iframe>\r\n    <\/div>\r\n    <p class=\"exampp-hints\">\r\n    * Caricando la mappa si accetta l&#039;informativa sulla privacy di Google.      <a\r\n        target=\"_blank\"\r\n        rel=\"noopener noreferrer\"\r\n        href=\"https:\/\/policies.google.com\/privacy?hl=en\">Per saperne di pi\u00f9<\/a>\r\n    <\/p>\r\n\t\n\n\n\n<div style=\"height:30px\" aria-hidden=\"true\" class=\"wp-block-spacer\"><\/div>\n\n\n<div class=\"itemgray\"><div class=\"row\"><div class=\"col-lg-6 image-row\"><img decoding=\"async\" src=\"https:\/\/www.slb-law.de\/it\/wp-content\/themes\/bootscore-child-main\/img\/route-icon.png\"><div class=\"imgtext\"><h3>Pianifica itinerario<\/h3>Con l\u00b4aiuto di Google route planner avete la possibilit\u00e0 di individuare precisamente l\u00b4itinerario migliore.<\/div><\/div><div class=\"col-lg-6 image-row\"><form class=\"form-inline\" action=\"http:\/\/maps.google.com\/maps\" method=\"get\" target=\"_blank\">\n\t\t\t<input type=\"hidden\" name=\"daddr\" value=\"Leopoldstra\u00dfe 175, 80804 M\u00fcnchen\">\n\t\t  <div class=\"form-group\">\n\t\t\t<input type=\"text\" class=\"form-control\" name=\"saddr\"  placeholder=\"INDIRIZZO DI PARTENZA\">\n\t\t  <\/div>\n\t\t  <button type=\"submit\" class=\"btn btn-primary mb-2\">Calcolo itinerario<\/button>\n\t\t<\/form><\/div><\/div><\/div>\n\n\n\n<div style=\"height:80px\" aria-hidden=\"true\" class=\"wp-block-spacer a80\"><\/div>\n\n\n<div class=\"wp-bootstrap-blocks-container container mb-0 text-small indent\">\n\t\n\n<h3 class=\"ewa-rteLine\">Indirizzo<\/h3>\n<p>SLB LAW<br \/>Leopoldstra\u00dfe 175 (ingresso est)<br \/>80804 Monaco di Baviera<\/p>\n<p>Tel. +49 (0)89 51 24 27 &#8211; 0<br \/>Fax. +49 (0)89 51 24 27 &#8211; 25<br \/>info@slb-law.de<\/p>\n\n<\/div>\n","protected":false},"excerpt":{"rendered":"","protected":false},"author":1,"featured_media":0,"parent":0,"menu_order":0,"comment_status":"closed","ping_status":"closed","template":"","meta":{"footnotes":""},"class_list":["post-62","page","type-page","status-publish","hentry"],"yoast_head":"<!-- This site is optimized with the Yoast SEO plugin v25.7 - https:\/\/yoast.com\/wordpress\/plugins\/seo\/ -->\n<title>Approccio - IT SLB Avvocati, Monaco di Baviera<\/title>\n<meta name=\"robots\" content=\"index, follow, max-snippet:-1, max-image-preview:large, max-video-preview:-1\" \/>\n<link rel=\"canonical\" href=\"http:\/\/www.slb-law.de\/it\/approccio\/\" \/>\n<meta property=\"og:locale\" content=\"it_IT\" \/>\n<meta property=\"og:type\" content=\"article\" \/>\n<meta property=\"og:title\" content=\"Approccio - IT SLB Avvocati, Monaco di Baviera\" \/>\n<meta property=\"og:url\" content=\"http:\/\/www.slb-law.de\/it\/approccio\/\" \/>\n<meta property=\"og:site_name\" content=\"IT SLB Avvocati, Monaco di Baviera\" \/>\n<meta property=\"article:modified_time\" content=\"2023-04-17T13:08:38+00:00\" \/>\n<meta property=\"og:image\" content=\"http:\/\/www.slb-law.de\/it\/wp-content\/uploads\/sites\/4\/2023\/04\/anfahrt-header.jpg\" \/>\n<meta name=\"twitter:card\" content=\"summary_large_image\" \/>\n<meta name=\"twitter:label1\" content=\"Tempo di lettura stimato\" \/>\n\t<meta name=\"twitter:data1\" content=\"2 minuti\" \/>\n<script type=\"application\/ld+json\" class=\"yoast-schema-graph\">{\"@context\":\"https:\/\/schema.org\",\"@graph\":[{\"@type\":\"WebPage\",\"@id\":\"http:\/\/www.slb-law.de\/it\/approccio\/\",\"url\":\"http:\/\/www.slb-law.de\/it\/approccio\/\",\"name\":\"Approccio - IT SLB Avvocati, Monaco di Baviera\",\"isPartOf\":{\"@id\":\"https:\/\/www.slb-law.de\/it\/#website\"},\"primaryImageOfPage\":{\"@id\":\"http:\/\/www.slb-law.de\/it\/approccio\/#primaryimage\"},\"image\":{\"@id\":\"http:\/\/www.slb-law.de\/it\/approccio\/#primaryimage\"},\"thumbnailUrl\":\"https:\/\/www.slb-law.de\/it\/wp-content\/uploads\/sites\/4\/2023\/04\/anfahrt-header.jpg\",\"datePublished\":\"2023-04-04T11:52:56+00:00\",\"dateModified\":\"2023-04-17T13:08:38+00:00\",\"inLanguage\":\"it-IT\",\"potentialAction\":[{\"@type\":\"ReadAction\",\"target\":[\"http:\/\/www.slb-law.de\/it\/approccio\/\"]}]},{\"@type\":\"ImageObject\",\"inLanguage\":\"it-IT\",\"@id\":\"http:\/\/www.slb-law.de\/it\/approccio\/#primaryimage\",\"url\":\"https:\/\/www.slb-law.de\/it\/wp-content\/uploads\/sites\/4\/2023\/04\/anfahrt-header.jpg\",\"contentUrl\":\"https:\/\/www.slb-law.de\/it\/wp-content\/uploads\/sites\/4\/2023\/04\/anfahrt-header.jpg\",\"width\":1770,\"height\":687},{\"@type\":\"WebSite\",\"@id\":\"https:\/\/www.slb-law.de\/it\/#website\",\"url\":\"https:\/\/www.slb-law.de\/it\/\",\"name\":\"IT SLB Avvocati, Monaco di Baviera\",\"description\":\"Eine weitere SLB Rechtsanw\u00e4lte, M\u00fcnchen Websites Website\",\"potentialAction\":[{\"@type\":\"SearchAction\",\"target\":{\"@type\":\"EntryPoint\",\"urlTemplate\":\"https:\/\/www.slb-law.de\/it\/?s={search_term_string}\"},\"query-input\":{\"@type\":\"PropertyValueSpecification\",\"valueRequired\":true,\"valueName\":\"search_term_string\"}}],\"inLanguage\":\"it-IT\"}]}<\/script>\n<!-- \/ Yoast SEO plugin. -->","yoast_head_json":{"title":"Approccio - IT SLB Avvocati, Monaco di Baviera","robots":{"index":"index","follow":"follow","max-snippet":"max-snippet:-1","max-image-preview":"max-image-preview:large","max-video-preview":"max-video-preview:-1"},"canonical":"http:\/\/www.slb-law.de\/it\/approccio\/","og_locale":"it_IT","og_type":"article","og_title":"Approccio - IT SLB Avvocati, Monaco di Baviera","og_url":"http:\/\/www.slb-law.de\/it\/approccio\/","og_site_name":"IT SLB Avvocati, Monaco di Baviera","article_modified_time":"2023-04-17T13:08:38+00:00","og_image":[{"url":"http:\/\/www.slb-law.de\/it\/wp-content\/uploads\/sites\/4\/2023\/04\/anfahrt-header.jpg","type":"","width":"","height":""}],"twitter_card":"summary_large_image","twitter_misc":{"Tempo di lettura stimato":"2 minuti"},"schema":{"@context":"https:\/\/schema.org","@graph":[{"@type":"WebPage","@id":"http:\/\/www.slb-law.de\/it\/approccio\/","url":"http:\/\/www.slb-law.de\/it\/approccio\/","name":"Approccio - IT SLB Avvocati, Monaco di Baviera","isPartOf":{"@id":"https:\/\/www.slb-law.de\/it\/#website"},"primaryImageOfPage":{"@id":"http:\/\/www.slb-law.de\/it\/approccio\/#primaryimage"},"image":{"@id":"http:\/\/www.slb-law.de\/it\/approccio\/#primaryimage"},"thumbnailUrl":"https:\/\/www.slb-law.de\/it\/wp-content\/uploads\/sites\/4\/2023\/04\/anfahrt-header.jpg","datePublished":"2023-04-04T11:52:56+00:00","dateModified":"2023-04-17T13:08:38+00:00","inLanguage":"it-IT","potentialAction":[{"@type":"ReadAction","target":["http:\/\/www.slb-law.de\/it\/approccio\/"]}]},{"@type":"ImageObject","inLanguage":"it-IT","@id":"http:\/\/www.slb-law.de\/it\/approccio\/#primaryimage","url":"https:\/\/www.slb-law.de\/it\/wp-content\/uploads\/sites\/4\/2023\/04\/anfahrt-header.jpg","contentUrl":"https:\/\/www.slb-law.de\/it\/wp-content\/uploads\/sites\/4\/2023\/04\/anfahrt-header.jpg","width":1770,"height":687},{"@type":"WebSite","@id":"https:\/\/www.slb-law.de\/it\/#website","url":"https:\/\/www.slb-law.de\/it\/","name":"IT SLB Avvocati, Monaco di Baviera","description":"Eine weitere SLB Rechtsanw\u00e4lte, M\u00fcnchen Websites Website","potentialAction":[{"@type":"SearchAction","target":{"@type":"EntryPoint","urlTemplate":"https:\/\/www.slb-law.de\/it\/?s={search_term_string}"},"query-input":{"@type":"PropertyValueSpecification","valueRequired":true,"valueName":"search_term_string"}}],"inLanguage":"it-IT"}]}},"_links":{"self":[{"href":"https:\/\/www.slb-law.de\/it\/wp-json\/wp\/v2\/pages\/62","targetHints":{"allow":["GET"]}}],"collection":[{"href":"https:\/\/www.slb-law.de\/it\/wp-json\/wp\/v2\/pages"}],"about":[{"href":"https:\/\/www.slb-law.de\/it\/wp-json\/wp\/v2\/types\/page"}],"author":[{"embeddable":true,"href":"https:\/\/www.slb-law.de\/it\/wp-json\/wp\/v2\/users\/1"}],"replies":[{"embeddable":true,"href":"https:\/\/www.slb-law.de\/it\/wp-json\/wp\/v2\/comments?post=62"}],"version-history":[{"count":12,"href":"https:\/\/www.slb-law.de\/it\/wp-json\/wp\/v2\/pages\/62\/revisions"}],"predecessor-version":[{"id":763,"href":"https:\/\/www.slb-law.de\/it\/wp-json\/wp\/v2\/pages\/62\/revisions\/763"}],"wp:attachment":[{"href":"https:\/\/www.slb-law.de\/it\/wp-json\/wp\/v2\/media?parent=62"}],"curies":[{"name":"wp","href":"https:\/\/api.w.org\/{rel}","templated":true}]}}