{"id":60,"date":"2023-04-04T13:52:23","date_gmt":"2023-04-04T11:52:23","guid":{"rendered":"https:\/\/www.slb-law.de\/it\/impressum\/"},"modified":"2023-05-31T11:05:53","modified_gmt":"2023-05-31T09:05:53","slug":"imprinting","status":"publish","type":"page","link":"https:\/\/www.slb-law.de\/it\/imprinting\/","title":{"rendered":"Imprinting"},"content":{"rendered":"\n<h2 class=\"wp-block-heading\">Imprinting<\/h2>\n\n\n\n<div style=\"height:20px\" aria-hidden=\"true\" class=\"wp-block-spacer\"><\/div>\n\n\n<h3>Informazioni ai sensi del \u00a7 5 TMG:<\/h3>\n<p>SLB Rechtsanwaltsgesellschaft mbH<br \/>Leopoldstr. 175<br \/>80804 Monaco di Baviera<\/p>\n<h3>Rappresentato da:<\/h3>\n<p>Gli amministratori delegati RA Dr. Christian Stra\u00dfberger, RA Dr. Oliver Baumann, RA Dr. Louis R\u00f6nsberg, RAin Sandra Bendler-Pepy.<\/p>\n<h3>Contatto:<\/h3>\n<p>Telefon: +49 (0) 89 512427 0<br \/>Telefax: +49 (0) 89 512427 25<br \/>E-Mail: info@slb-law.de<\/p>\n<h3>Iscrizione al registro:<\/h3>\n<p>Tribunale del registro: Tribunale di Monaco di Baviera<br \/>Numero di registrazione: HRB 173060<\/p>\n<h3>Imposta sul valore aggiunto:<\/h3>\n<p>Numero di identificazione dell&#8217;imposta sulle vendite ai sensi del \u00a7 27 a Umsatzsteuergesetz:<br \/>DE261956391<\/p>\n<h3>Titolo professionale e normativa professionale:<\/h3>\n<p>Tutti i professionisti che lavorano nello studio sono avvocati tedeschi e membri dell&#8217;Ordine degli Avvocati del Tribunale Regionale Superiore di Monaco, Tal 33, 80331 Monaco.<\/p>\n<p>Il titolo professionale di avvocato \u00e8 stato conferito dall&#8217;ordine degli avvocati competente della Repubblica Federale di Germania.<\/p>\n<p>La Legge federale sugli avvocati (Bundesrechtsanwaltsordnung), il Codice di condotta professionale degli avvocati (Berufsordnung f\u00fcr Rechtsanw\u00e4lte), il Codice di condotta degli avvocati specialisti (Fachanwaltsordnung) e la Legge sulla remunerazione degli avvocati (Rechtsanwaltsverg\u00fctungsgesetz) &#8211; nonch\u00e9 il Codice di condotta professionale degli avvocati della Comunit\u00e0 europea (Berufsregeln der Rechtsanw\u00e4lte der Europ\u00e4ischen Gemeinschaft) &#8211; possono essere consultati sul sito web dell&#8217;Ordine <a href=\"https:\/\/www.brak.de\/\" target=\"_blank\" rel=\"noopener\">federale degli avvocati<\/a>.<\/p>\n<h3>Informazioni sull&#8217;assicurazione di responsabilit\u00e0 civile professionale:<\/h3>\n<p>La nostra societ\u00e0 e gli avvocati che vi lavorano sono assicurati come segue:<\/p>\n<p>Assicurazione di responsabilit\u00e0 civile professionale<br \/>con HDI Versicherung AG<br \/>Piazza HDI 1<br \/>30659 Hannover<br \/>Area di validit\u00e0 dell&#8217;assicurazione: Germania<\/p>\n<p>La somma assicurata corrisponde almeno alla somma minima prevista dalla legge per le Rechtsanwalts GmbH.<\/p>\n<h3>Responsabile del contenuto ai sensi del \u00a7 18 Abs. 2 MStV:<\/h3>\n<p>RA Dr. Louis R\u00f6nsberg<\/p>\n<h3>Risoluzione delle controversie<\/h3>\n<p>La Commissione europea mette a disposizione una piattaforma per la risoluzione delle controversie online (OS): <a href=\"https:\/\/ec.europa.eu\/consumers\/odr\" target=\"_blank\" rel=\"noopener\">https:\/\/ec.europa.eu\/consumers\/odr<\/a><\/p>\n<p>Il nostro indirizzo e-mail \u00e8 riportato nell&#8217;imprinting qui sopra.<\/p>\n<p>Non siamo disposti o obbligati a partecipare a procedure di risoluzione delle controversie davanti a un collegio arbitrale dei consumatori.<\/p>\n<h3>Diritto d\u2019autore<\/h3>\n<p>Le nostre pagine Internet offrono una serie di informazioni aggiornate regolarmente. Potete salvare le nostre informazioni e creare dei link alle nostre pagine. In caso di link a fornitori commerciali, le nostre pagine devono essere l&#8217;unica componente della finestra di navigazione e noi dobbiamo essere identificabili come fonte. Le informazioni non devono essere alterate o falsificate.<\/p>\n<p>Fonte: Generatore di impronte da <a href=\"https:\/\/www.anwalt.de\/\" target=\"_blank\" rel=\"noopener\">anwalt.de<\/a><\/p>\n<h3>Dichiarazione generale sulla protezione dei dati<\/h3>\n<p>Utilizzando il nostro sito web, l&#8217;utente accetta la raccolta, l&#8217;elaborazione e l&#8217;utilizzo dei dati come descritto di seguito. Il nostro sito web \u00e8 generalmente visitabile senza registrazione. Dati come le pagine visitate o il nome del file visitato, la data e l&#8217;ora vengono memorizzati sul server a fini statistici senza che questi dati siano direttamente collegati alla vostra persona. I dati personali, in particolare il nome, l&#8217;indirizzo o l&#8217;indirizzo e-mail, sono raccolti per quanto possibile su base volontaria. Nessun dato viene trasmesso a terzi senza il vostro consenso.<\/p>\n<h3>Informativa sulla privacy per Google Analytics<\/h3>\n<p>Il nostro sito web utilizza Google Analytics, un servizio di analisi web fornito da Google Inc, 1600 Amphitheatre Parkway, Mountain View, CA 94043, USA. Per disattivare Google Analytics, Google mette a disposizione un plug-in per il browser all&#8217;indirizzo http:\/\/tools.google.com\/dlpage\/gaoptout?hl=de. Google Analytics utilizza i cookie. Si tratta di piccoli file di testo che consentono di memorizzare sul terminale dell&#8217;utente informazioni specifiche relative all&#8217;utente stesso. Questi consentono a Google di analizzare l&#8217;utilizzo del nostro sito web. Le informazioni raccolte dal cookie sull&#8217;utilizzo del nostro sito web (compreso l&#8217;indirizzo IP dell&#8217;utente) vengono solitamente trasmesse a un server di Google negli Stati Uniti e l\u00ec memorizzate. Segnaliamo che su questo sito web Google Analytics \u00e8 stato ampliato con il codice &#8220;gat._anonymizeIp();&#8221; per garantire la raccolta anonima degli indirizzi IP (il cosiddetto mascheramento IP). Se l&#8217;anonimizzazione \u00e8 attiva, Google accorcia gli indirizzi IP all&#8217;interno degli Stati membri dell&#8217;Unione Europea o in altri Stati contraenti dell&#8217;Accordo sullo Spazio Economico Europeo, per cui non \u00e8 possibile trarre conclusioni sulla vostra identit\u00e0. Solo in casi eccezionali l&#8217;indirizzo IP completo viene trasmesso a un server di Google negli Stati Uniti e l\u00ec abbreviato. Google rispetta le disposizioni in materia di protezione dei dati dell&#8217;accordo &#8220;Privacy Shield&#8221; ed \u00e8 iscritta al programma &#8220;Privacy Shield&#8221; del Dipartimento del Commercio degli Stati Uniti e utilizza le informazioni raccolte per valutare l&#8217;utilizzo dei nostri siti web, per redigere per noi rapporti al riguardo e per fornirci altri servizi correlati. Per saperne di pi\u00f9, visitate il sito http:\/\/www.google.com\/intl\/de\/analytics\/privacyoverview.html.<\/p>\n<p>\u00a0<\/p>","protected":false},"excerpt":{"rendered":"<p>Imprinting Informazioni ai sensi del \u00a7 5 TMG: SLB Rechtsanwaltsgesellschaft mbHLeopoldstr. 17580804 Monaco di Baviera Rappresentato da: Gli amministratori delegati RA Dr. Christian Stra\u00dfberger, RA Dr. Oliver Baumann, RA Dr. Louis R\u00f6nsberg, RAin Sandra Bendler-Pepy. Contatto: Telefon: +49 (0) 89 512427 0Telefax: +49 (0) 89 512427 25E-Mail: info@slb-law.de Iscrizione al registro: Tribunale del registro: Tribunale [&hellip;]<\/p>\n","protected":false},"author":1,"featured_media":0,"parent":0,"menu_order":0,"comment_status":"closed","ping_status":"closed","template":"page-text-klein.php","meta":{"footnotes":""},"class_list":["post-60","page","type-page","status-publish","hentry"],"yoast_head":"<!-- This site is optimized with the Yoast SEO plugin v25.7 - https:\/\/yoast.com\/wordpress\/plugins\/seo\/ -->\n<title>Imprinting - IT SLB Avvocati, Monaco di Baviera<\/title>\n<meta name=\"robots\" content=\"index, follow, max-snippet:-1, max-image-preview:large, max-video-preview:-1\" \/>\n<link rel=\"canonical\" href=\"https:\/\/www.slb-law.de\/it\/imprinting\/\" \/>\n<meta property=\"og:locale\" content=\"it_IT\" \/>\n<meta property=\"og:type\" content=\"article\" \/>\n<meta property=\"og:title\" content=\"Imprinting - IT SLB Avvocati, Monaco di Baviera\" \/>\n<meta property=\"og:description\" content=\"Imprinting Informazioni ai sensi del \u00a7 5 TMG: SLB Rechtsanwaltsgesellschaft mbHLeopoldstr. 17580804 Monaco di Baviera Rappresentato da: Gli amministratori delegati RA Dr. Christian Stra\u00dfberger, RA Dr. Oliver Baumann, RA Dr. Louis R\u00f6nsberg, RAin Sandra Bendler-Pepy. Contatto: Telefon: +49 (0) 89 512427 0Telefax: +49 (0) 89 512427 25E-Mail: info@slb-law.de Iscrizione al registro: Tribunale del registro: Tribunale [&hellip;]\" \/>\n<meta property=\"og:url\" content=\"https:\/\/www.slb-law.de\/it\/imprinting\/\" \/>\n<meta property=\"og:site_name\" content=\"IT SLB Avvocati, Monaco di Baviera\" \/>\n<meta property=\"article:modified_time\" content=\"2023-05-31T09:05:53+00:00\" \/>\n<meta name=\"twitter:card\" content=\"summary_large_image\" \/>\n<meta name=\"twitter:label1\" content=\"Tempo di lettura stimato\" \/>\n\t<meta name=\"twitter:data1\" content=\"4 minuti\" \/>\n<script type=\"application\/ld+json\" class=\"yoast-schema-graph\">{\"@context\":\"https:\/\/schema.org\",\"@graph\":[{\"@type\":\"WebPage\",\"@id\":\"https:\/\/www.slb-law.de\/it\/imprinting\/\",\"url\":\"https:\/\/www.slb-law.de\/it\/imprinting\/\",\"name\":\"Imprinting - IT SLB Avvocati, Monaco di Baviera\",\"isPartOf\":{\"@id\":\"https:\/\/www.slb-law.de\/it\/#website\"},\"datePublished\":\"2023-04-04T11:52:23+00:00\",\"dateModified\":\"2023-05-31T09:05:53+00:00\",\"inLanguage\":\"it-IT\",\"potentialAction\":[{\"@type\":\"ReadAction\",\"target\":[\"https:\/\/www.slb-law.de\/it\/imprinting\/\"]}]},{\"@type\":\"WebSite\",\"@id\":\"https:\/\/www.slb-law.de\/it\/#website\",\"url\":\"https:\/\/www.slb-law.de\/it\/\",\"name\":\"IT SLB Avvocati, Monaco di Baviera\",\"description\":\"Eine weitere SLB Rechtsanw\u00e4lte, M\u00fcnchen Websites Website\",\"potentialAction\":[{\"@type\":\"SearchAction\",\"target\":{\"@type\":\"EntryPoint\",\"urlTemplate\":\"https:\/\/www.slb-law.de\/it\/?s={search_term_string}\"},\"query-input\":{\"@type\":\"PropertyValueSpecification\",\"valueRequired\":true,\"valueName\":\"search_term_string\"}}],\"inLanguage\":\"it-IT\"}]}<\/script>\n<!-- \/ Yoast SEO plugin. -->","yoast_head_json":{"title":"Imprinting - IT SLB Avvocati, Monaco di Baviera","robots":{"index":"index","follow":"follow","max-snippet":"max-snippet:-1","max-image-preview":"max-image-preview:large","max-video-preview":"max-video-preview:-1"},"canonical":"https:\/\/www.slb-law.de\/it\/imprinting\/","og_locale":"it_IT","og_type":"article","og_title":"Imprinting - IT SLB Avvocati, Monaco di Baviera","og_description":"Imprinting Informazioni ai sensi del \u00a7 5 TMG: SLB Rechtsanwaltsgesellschaft mbHLeopoldstr. 17580804 Monaco di Baviera Rappresentato da: Gli amministratori delegati RA Dr. Christian Stra\u00dfberger, RA Dr. Oliver Baumann, RA Dr. Louis R\u00f6nsberg, RAin Sandra Bendler-Pepy. Contatto: Telefon: +49 (0) 89 512427 0Telefax: +49 (0) 89 512427 25E-Mail: info@slb-law.de Iscrizione al registro: Tribunale del registro: Tribunale [&hellip;]","og_url":"https:\/\/www.slb-law.de\/it\/imprinting\/","og_site_name":"IT SLB Avvocati, Monaco di Baviera","article_modified_time":"2023-05-31T09:05:53+00:00","twitter_card":"summary_large_image","twitter_misc":{"Tempo di lettura stimato":"4 minuti"},"schema":{"@context":"https:\/\/schema.org","@graph":[{"@type":"WebPage","@id":"https:\/\/www.slb-law.de\/it\/imprinting\/","url":"https:\/\/www.slb-law.de\/it\/imprinting\/","name":"Imprinting - IT SLB Avvocati, Monaco di Baviera","isPartOf":{"@id":"https:\/\/www.slb-law.de\/it\/#website"},"datePublished":"2023-04-04T11:52:23+00:00","dateModified":"2023-05-31T09:05:53+00:00","inLanguage":"it-IT","potentialAction":[{"@type":"ReadAction","target":["https:\/\/www.slb-law.de\/it\/imprinting\/"]}]},{"@type":"WebSite","@id":"https:\/\/www.slb-law.de\/it\/#website","url":"https:\/\/www.slb-law.de\/it\/","name":"IT SLB Avvocati, Monaco di Baviera","description":"Eine weitere SLB Rechtsanw\u00e4lte, M\u00fcnchen Websites Website","potentialAction":[{"@type":"SearchAction","target":{"@type":"EntryPoint","urlTemplate":"https:\/\/www.slb-law.de\/it\/?s={search_term_string}"},"query-input":{"@type":"PropertyValueSpecification","valueRequired":true,"valueName":"search_term_string"}}],"inLanguage":"it-IT"}]}},"_links":{"self":[{"href":"https:\/\/www.slb-law.de\/it\/wp-json\/wp\/v2\/pages\/60","targetHints":{"allow":["GET"]}}],"collection":[{"href":"https:\/\/www.slb-law.de\/it\/wp-json\/wp\/v2\/pages"}],"about":[{"href":"https:\/\/www.slb-law.de\/it\/wp-json\/wp\/v2\/types\/page"}],"author":[{"embeddable":true,"href":"https:\/\/www.slb-law.de\/it\/wp-json\/wp\/v2\/users\/1"}],"replies":[{"embeddable":true,"href":"https:\/\/www.slb-law.de\/it\/wp-json\/wp\/v2\/comments?post=60"}],"version-history":[{"count":3,"href":"https:\/\/www.slb-law.de\/it\/wp-json\/wp\/v2\/pages\/60\/revisions"}],"predecessor-version":[{"id":1079,"href":"https:\/\/www.slb-law.de\/it\/wp-json\/wp\/v2\/pages\/60\/revisions\/1079"}],"wp:attachment":[{"href":"https:\/\/www.slb-law.de\/it\/wp-json\/wp\/v2\/media?parent=60"}],"curies":[{"name":"wp","href":"https:\/\/api.w.org\/{rel}","templated":true}]}}