{"id":83,"date":"2023-04-04T13:52:55","date_gmt":"2023-04-04T11:52:55","guid":{"rendered":"https:\/\/www.slb-law.de\/en\/anfahrt\/"},"modified":"2023-04-20T10:41:58","modified_gmt":"2023-04-20T08:41:58","slug":"directions","status":"publish","type":"page","link":"https:\/\/www.slb-law.de\/en\/directions\/","title":{"rendered":"Directions"},"content":{"rendered":"<div class=\"wp-bootstrap-blocks-container container mb-2\">\n\t\n\n<h1 class=\"wp-block-heading\">How to find us<\/h1>\n\n<\/div>\n\n\n<div class=\"wp-bootstrap-blocks-container container mb-2\">\n\t\n\n<figure class=\"wp-block-image size-full\"><img decoding=\"async\" src=\"https:\/\/www.slb-law.de\/en\/wp-content\/uploads\/sites\/2\/2023\/04\/anfahrt-header.jpg\" alt=\"\" class=\"wp-image-1046\"\/><\/figure>\n\n<\/div>\n\n\n\n<div style=\"height:15px\" aria-hidden=\"true\" class=\"wp-block-spacer\"><\/div>\n\n\n<div class=\"wp-bootstrap-blocks-container container mb-2\">\n\t\n\n<h2 class=\"wp-block-heading\">Directions<\/h2>\n\n\n\n<p>Our office is located at Leopoldstrasse 175, in Munich, towards the city centre, just behind the &#8220;Mittlerer Ring&#8221;:<\/p>\n\n<\/div>\n\n\n<div class=\"wp-bootstrap-blocks-container container mb-2 image-row\">\n\t\n\n<figure class=\"wp-block-image size-full image-left\"><img decoding=\"async\" src=\"https:\/\/www.slb-law.de\/en\/wp-content\/uploads\/sites\/2\/2023\/04\/car-icon.png\" alt=\"\" class=\"wp-image-1049\" title=\"\"\/><\/figure>\n\n\n<div class=\"wp-bootstrap-blocks-container container mb-2\">\n\t\n\n<h2 class=\"wp-block-heading\">Car<\/h2>\n\n\n\n<p>Below-ground parking spaces are available in the building for our visitors. Please use the intercom next to the entrance to the parking garage. Here you will find directions to our garage spaces.<\/p>\n\n\n\n<p><\/p>\n\n<\/div>\n\n<\/div>\n\n\n<div class=\"wp-bootstrap-blocks-container container mb-2 image-row\">\n\t\n\n<figure class=\"wp-block-image size-full image-left\"><img decoding=\"async\" src=\"https:\/\/www.slb-law.de\/en\/wp-content\/uploads\/sites\/2\/2023\/04\/train-icon.png\" alt=\"\" class=\"wp-image-1054\" title=\"\"\/><\/figure>\n\n\n<div class=\"wp-bootstrap-blocks-container container mb-2\">\n\t\n\n<h2 class=\"wp-block-heading\">Public transport<\/h2>\n\n\n\n<p>Underground station Scheidplatz (U 2), accessible by bus line 141 direction &#8220;D\u00fclferstra\u00dfe&#8221;. Get off after approx. 5 minutes at the stop &#8220;Wilhelm-Hertz-Stra\u00dfe&#8221;. The office is on the other side of the street. Alternatively, take the U3\/U6 to the &#8220;M\u00fcnchner Freiheit&#8221; stop and from there take the tram line (get off at the 2nd or 3rd stop).<\/p>\n\n\n\n<p><\/p>\n\n<\/div>\n\n<\/div>\n\n\n\n<div style=\"height:80px\" aria-hidden=\"true\" class=\"wp-block-spacer a80\"><\/div>\n\n\n    <div class=\"exggmap-wrapper is-style-wide\" style=\"aspect-ratio:16 \/ 8\">\r\n      <div class=\"exggmap-mask\" style=\"background-color: #000000; color:#fff\">\r\n        <div class=\"exggmap-mask-content\">\r\n        <p class=\"exggmap-caption\">GDPR MAP<\/p>\r\n            <button style=\"color: #fff; background-color: #693e91; border-color: #fff\"  id=\"exggmap-btn\">Accept Google Maps *<\/button>\r\n        <\/div>\r\n              <\/div>\r\n      <iframe\r\n        data-src=\"https:\/\/www.google.com\/maps\/embed?pb=!1m18!1m12!1m3!1d2373.7378779644846!2d10.220001315391263!3d53.49101317156689!2m3!1f0!2f0!3f0!3m2!1i1024!2i768!4f13.1!3m3!1m2!1s0x47b1f261a2851b8d%3A0x888d5265c23338a6!2sSeniorenzentrum%20St.%20Klara!5e0!3m2!1sen!2sde!4v1586632120317!5m2!1sen!2sde\"\r\n        frameborder=\"0\"\r\n        allowfullscreen=\"\"\r\n        aria-hidden=\"false\"\r\n        tabindex=\"0\">\r\n      <\/iframe>\r\n    <\/div>\r\n    <p class=\"exampp-hints\">\r\n    *  By loading the map you accept Google&#039;s privacy policy.       <a\r\n        target=\"_blank\"\r\n        rel=\"noopener noreferrer\"\r\n        href=\"https:\/\/policies.google.com\/privacy?hl=en\">Learn more<\/a>\r\n    <\/p>\r\n\t\n\n\n\n<div style=\"height:30px\" aria-hidden=\"true\" class=\"wp-block-spacer\"><\/div>\n\n\n<div class=\"itemgray\"><div class=\"row\"><div class=\"col-lg-6 image-row\"><img decoding=\"async\" src=\"https:\/\/www.slb-law.de\/en\/wp-content\/themes\/bootscore-child-main\/img\/route-icon.png\"><div class=\"imgtext\"><h3>Route planner<\/h3>With the help of the Google route planner you have the possibility to create an exact route description.<\/div><\/div><div class=\"col-lg-6 image-row\"><form class=\"form-inline\" action=\"http:\/\/maps.google.com\/maps\" method=\"get\" target=\"_blank\">\n\t\t\t<input type=\"hidden\" name=\"daddr\" value=\"Leopoldstra\u00dfe 175, 80804 M\u00fcnchen\">\n\t\t  <div class=\"form-group\">\n\t\t\t<input type=\"text\" class=\"form-control\" name=\"saddr\"  placeholder=\"Your starting address\">\n\t\t  <\/div>\n\t\t  <button type=\"submit\" class=\"btn btn-primary mb-2\">Find the route<\/button>\n\t\t<\/form><\/div><\/div><\/div>\n\n\n\n<div style=\"height:80px\" aria-hidden=\"true\" class=\"wp-block-spacer a80\"><\/div>\n\n\n<div class=\"wp-bootstrap-blocks-container container mb-0 text-small indent\">\n\t\n\n<h3>Address<\/h3>\n<p>SLB LAW<br>Leopoldstra\u00dfe 175 (East Entrance)<br>80804 Munich<\/p>\n<p>Tel. +49 (0)89 51 24 27 &#8211; 0<br>Fax. +49 (0)89 51 24 27 &#8211; 25<br>info@slb-law.de<\/p>\n\n<\/div>\n","protected":false},"excerpt":{"rendered":"","protected":false},"author":1,"featured_media":0,"parent":0,"menu_order":0,"comment_status":"closed","ping_status":"closed","template":"","meta":{"footnotes":""},"class_list":["post-83","page","type-page","status-publish","hentry"],"yoast_head":"<!-- This site is optimized with the Yoast SEO plugin v25.7 - https:\/\/yoast.com\/wordpress\/plugins\/seo\/ -->\n<title>Directions - SLB Lawyers, Munich<\/title>\n<meta name=\"description\" content=\"Our office is located at Leopoldstrasse 175, in the north of the city of Munich, towards the city center, just behind the Mittlerer Ring\" \/>\n<meta name=\"robots\" content=\"index, follow, max-snippet:-1, max-image-preview:large, max-video-preview:-1\" \/>\n<link rel=\"canonical\" href=\"https:\/\/www.slb-law.de\/en\/directions\/\" \/>\n<meta property=\"og:locale\" content=\"en_US\" \/>\n<meta property=\"og:type\" content=\"article\" \/>\n<meta property=\"og:title\" content=\"Directions - SLB Lawyers, Munich\" \/>\n<meta property=\"og:description\" content=\"Our office is located at Leopoldstrasse 175, in the north of the city of Munich, towards the city center, just behind the Mittlerer Ring\" \/>\n<meta property=\"og:url\" content=\"https:\/\/www.slb-law.de\/en\/directions\/\" \/>\n<meta property=\"og:site_name\" content=\"EN SLB Lawyers, Munich\" \/>\n<meta property=\"article:modified_time\" content=\"2023-04-20T08:41:58+00:00\" \/>\n<meta property=\"og:image\" content=\"https:\/\/www.slb-law.de\/en\/wp-content\/uploads\/sites\/2\/2023\/04\/anfahrt-header.jpg\" \/>\n<meta name=\"twitter:card\" content=\"summary_large_image\" \/>\n<meta name=\"twitter:label1\" content=\"Est. reading time\" \/>\n\t<meta name=\"twitter:data1\" content=\"2 minutes\" \/>\n<script type=\"application\/ld+json\" class=\"yoast-schema-graph\">{\"@context\":\"https:\/\/schema.org\",\"@graph\":[{\"@type\":\"WebPage\",\"@id\":\"https:\/\/www.slb-law.de\/en\/directions\/\",\"url\":\"https:\/\/www.slb-law.de\/en\/directions\/\",\"name\":\"Directions - SLB Lawyers, Munich\",\"isPartOf\":{\"@id\":\"https:\/\/www.slb-law.de\/en\/#website\"},\"primaryImageOfPage\":{\"@id\":\"https:\/\/www.slb-law.de\/en\/directions\/#primaryimage\"},\"image\":{\"@id\":\"https:\/\/www.slb-law.de\/en\/directions\/#primaryimage\"},\"thumbnailUrl\":\"https:\/\/www.slb-law.de\/en\/wp-content\/uploads\/sites\/2\/2023\/04\/anfahrt-header.jpg\",\"datePublished\":\"2023-04-04T11:52:55+00:00\",\"dateModified\":\"2023-04-20T08:41:58+00:00\",\"description\":\"Our office is located at Leopoldstrasse 175, in the north of the city of Munich, towards the city center, just behind the Mittlerer Ring\",\"inLanguage\":\"en-US\",\"potentialAction\":[{\"@type\":\"ReadAction\",\"target\":[\"https:\/\/www.slb-law.de\/en\/directions\/\"]}]},{\"@type\":\"ImageObject\",\"inLanguage\":\"en-US\",\"@id\":\"https:\/\/www.slb-law.de\/en\/directions\/#primaryimage\",\"url\":\"https:\/\/www.slb-law.de\/en\/wp-content\/uploads\/sites\/2\/2023\/04\/anfahrt-header.jpg\",\"contentUrl\":\"https:\/\/www.slb-law.de\/en\/wp-content\/uploads\/sites\/2\/2023\/04\/anfahrt-header.jpg\",\"width\":1770,\"height\":687},{\"@type\":\"WebSite\",\"@id\":\"https:\/\/www.slb-law.de\/en\/#website\",\"url\":\"https:\/\/www.slb-law.de\/en\/\",\"name\":\"EN SLB Lawyers, Munich\",\"description\":\"Eine weitere SLB Rechtsanw\u00e4lte, M\u00fcnchen Websites Website\",\"potentialAction\":[{\"@type\":\"SearchAction\",\"target\":{\"@type\":\"EntryPoint\",\"urlTemplate\":\"https:\/\/www.slb-law.de\/en\/?s={search_term_string}\"},\"query-input\":{\"@type\":\"PropertyValueSpecification\",\"valueRequired\":true,\"valueName\":\"search_term_string\"}}],\"inLanguage\":\"en-US\"}]}<\/script>\n<!-- \/ Yoast SEO plugin. -->","yoast_head_json":{"title":"Directions - SLB Lawyers, Munich","description":"Our office is located at Leopoldstrasse 175, in the north of the city of Munich, towards the city center, just behind the Mittlerer Ring","robots":{"index":"index","follow":"follow","max-snippet":"max-snippet:-1","max-image-preview":"max-image-preview:large","max-video-preview":"max-video-preview:-1"},"canonical":"https:\/\/www.slb-law.de\/en\/directions\/","og_locale":"en_US","og_type":"article","og_title":"Directions - SLB Lawyers, Munich","og_description":"Our office is located at Leopoldstrasse 175, in the north of the city of Munich, towards the city center, just behind the Mittlerer Ring","og_url":"https:\/\/www.slb-law.de\/en\/directions\/","og_site_name":"EN SLB Lawyers, Munich","article_modified_time":"2023-04-20T08:41:58+00:00","og_image":[{"url":"https:\/\/www.slb-law.de\/en\/wp-content\/uploads\/sites\/2\/2023\/04\/anfahrt-header.jpg","type":"","width":"","height":""}],"twitter_card":"summary_large_image","twitter_misc":{"Est. reading time":"2 minutes"},"schema":{"@context":"https:\/\/schema.org","@graph":[{"@type":"WebPage","@id":"https:\/\/www.slb-law.de\/en\/directions\/","url":"https:\/\/www.slb-law.de\/en\/directions\/","name":"Directions - SLB Lawyers, Munich","isPartOf":{"@id":"https:\/\/www.slb-law.de\/en\/#website"},"primaryImageOfPage":{"@id":"https:\/\/www.slb-law.de\/en\/directions\/#primaryimage"},"image":{"@id":"https:\/\/www.slb-law.de\/en\/directions\/#primaryimage"},"thumbnailUrl":"https:\/\/www.slb-law.de\/en\/wp-content\/uploads\/sites\/2\/2023\/04\/anfahrt-header.jpg","datePublished":"2023-04-04T11:52:55+00:00","dateModified":"2023-04-20T08:41:58+00:00","description":"Our office is located at Leopoldstrasse 175, in the north of the city of Munich, towards the city center, just behind the Mittlerer Ring","inLanguage":"en-US","potentialAction":[{"@type":"ReadAction","target":["https:\/\/www.slb-law.de\/en\/directions\/"]}]},{"@type":"ImageObject","inLanguage":"en-US","@id":"https:\/\/www.slb-law.de\/en\/directions\/#primaryimage","url":"https:\/\/www.slb-law.de\/en\/wp-content\/uploads\/sites\/2\/2023\/04\/anfahrt-header.jpg","contentUrl":"https:\/\/www.slb-law.de\/en\/wp-content\/uploads\/sites\/2\/2023\/04\/anfahrt-header.jpg","width":1770,"height":687},{"@type":"WebSite","@id":"https:\/\/www.slb-law.de\/en\/#website","url":"https:\/\/www.slb-law.de\/en\/","name":"EN SLB Lawyers, Munich","description":"Eine weitere SLB Rechtsanw\u00e4lte, M\u00fcnchen Websites Website","potentialAction":[{"@type":"SearchAction","target":{"@type":"EntryPoint","urlTemplate":"https:\/\/www.slb-law.de\/en\/?s={search_term_string}"},"query-input":{"@type":"PropertyValueSpecification","valueRequired":true,"valueName":"search_term_string"}}],"inLanguage":"en-US"}]}},"_links":{"self":[{"href":"https:\/\/www.slb-law.de\/en\/wp-json\/wp\/v2\/pages\/83","targetHints":{"allow":["GET"]}}],"collection":[{"href":"https:\/\/www.slb-law.de\/en\/wp-json\/wp\/v2\/pages"}],"about":[{"href":"https:\/\/www.slb-law.de\/en\/wp-json\/wp\/v2\/types\/page"}],"author":[{"embeddable":true,"href":"https:\/\/www.slb-law.de\/en\/wp-json\/wp\/v2\/users\/1"}],"replies":[{"embeddable":true,"href":"https:\/\/www.slb-law.de\/en\/wp-json\/wp\/v2\/comments?post=83"}],"version-history":[{"count":12,"href":"https:\/\/www.slb-law.de\/en\/wp-json\/wp\/v2\/pages\/83\/revisions"}],"predecessor-version":[{"id":1152,"href":"https:\/\/www.slb-law.de\/en\/wp-json\/wp\/v2\/pages\/83\/revisions\/1152"}],"wp:attachment":[{"href":"https:\/\/www.slb-law.de\/en\/wp-json\/wp\/v2\/media?parent=83"}],"curies":[{"name":"wp","href":"https:\/\/api.w.org\/{rel}","templated":true}]}}