{"id":52,"date":"2023-04-04T13:48:53","date_gmt":"2023-04-04T11:48:53","guid":{"rendered":"https:\/\/www.slb-law.de\/en\/fokusthemen\/"},"modified":"2023-04-24T15:26:20","modified_gmt":"2023-04-24T13:26:20","slug":"focus","status":"publish","type":"page","link":"https:\/\/www.slb-law.de\/en\/focus\/","title":{"rendered":"Focus"},"content":{"rendered":"<div class=\"wp-bootstrap-blocks-row row texthead\">\n\t\n\n<div class=\"col-12 col-md-6\">\n\t\t\t\n\n<h1 class=\"wp-block-heading\">Sectors &amp; Industries<\/h1>\n\n\t<\/div>\n\n\n\n<div class=\"col-12 col-md-6\">\n\t\t\t\t<\/div>\n\n<\/div>\n\n\n<div class=\"wp-bootstrap-blocks-row row texthead\">\n\t\n\n<div class=\"col-12 col-md-6\">\n\t\t\t\t<\/div>\n\n\n\n<div class=\"col-12 col-md-6\">\n\t\t\t\n\n<p>As the markets are constantly changing, so is the law. We follow new developments and create customised solutions. These specialised service offerings make us unique &#8211; benefit from the decades of experience of our team of experts.<\/p>\n\n\t<\/div>\n\n<\/div>\n\n\n\n<div style=\"height:10px\" aria-hidden=\"true\" class=\"wp-block-spacer\"><\/div>\n\n\n<div class=\"wp-bootstrap-blocks-container container mb-2\">\n\t\n\n<div class=\"wp-block-cover text50\"><span aria-hidden=\"true\" class=\"wp-block-cover__background has-background-dim-0 has-background-dim\"><\/span><img decoding=\"async\" class=\"wp-block-cover__image-background wp-image-1727\" alt=\"\" src=\"https:\/\/www.slb-law.de\/en\/wp-content\/uploads\/sites\/2\/2023\/04\/Fokusthemen.jpg\" style=\"object-position:13% 47%\" data-object-fit=\"cover\" data-object-position=\"13% 47%\"\/><div class=\"wp-block-cover__inner-container is-layout-flow wp-block-cover-is-layout-flow\">\n<p class=\"has-text-align-left has-white-color has-text-color has-large-font-size\">A Team of Excellence for 20+ Years<\/p>\n\n\n<div class=\"wp-bootstrap-blocks-button\">\n\t<a\n\t\thref=\"\/en\/experts\/\"\n\t\t\t\t\t\tclass=\"btn btn-primary\"\n\t>\n\t\tLawyers\t<\/a>\n<\/div>\n<\/div><\/div>\n\n<\/div>\n\n\n\n<div style=\"height:10px\" aria-hidden=\"true\" class=\"wp-block-spacer\"><\/div>\n\n\n<div class=\"wp-bootstrap-blocks-container container mb-2\">\n\t\n\n<h2 class=\"wp-block-heading\">Our focus topics<\/h2>\n\n<\/div>\n\n\n<p>As a medium-sized commercial law firm, we are generalists and specialists at the same time. We support our clients on request as an outsourced legal department in the ordinary course of business, but also in exceptional situations such as a corporate transaction, in the event of liability or in the planning and structuring of corporate succession. Our Italian Desk continuously advises Italian and German companies on cross-border M&amp;A and general commercial law. Our employment law team also specialises in corporate and employment law restructurings and individual advice to executives. We have a further focus on the art and cultural goods trade.<\/p>\n\n\n<div style=\"height:80px\" aria-hidden=\"true\" class=\"wp-block-spacer a80\"><\/div>\n\n\n\t\t<div class=\"graylist\">\n\t\t\t\t<div class=\"js--fadeInLeft row item\"><div class=\"col-sm-2 img\"><img decoding=\"async\" src=\"https:\/\/www.slb-law.de\/en\/wp-content\/uploads\/sites\/2\/2023\/04\/Agiles_Arbeiten-2.svg\"><\/div><div class=\"col-sm-8\"><h3>Agile working<\/h3><div>Creating the framework conditions for agile working methods and projects is challenging and at the same time crucial for success. We advise and accompany companies comprehensively in the legal design and implementation and offer customised solutions.<br \/><a href=\"https:\/\/www.slb-law.de\/en\/focus\/agile-working\/\" class=\"btn btn-secondary\">more<\/a><\/div><\/div><a href=\"#\" class=\"button btn btn-outline-dark contact schalt\" ft=\"agile-working\">Kontakt<\/a><\/div><div class=\"js--fadeInLeft row item\"><div class=\"col-sm-2 img\"><img decoding=\"async\" src=\"https:\/\/www.slb-law.de\/en\/wp-content\/uploads\/sites\/2\/2023\/04\/car-icon.png\"><\/div><div class=\"col-sm-8\"><h3>Automotive<\/h3><div>Wir beraten und vertreten Unternehmen der Automobilindustrie, von der Vertragsgestaltung- und Verhandlung bis zur Vertretung im Konfliktfall. Auf Wunsch \u00fcbernehmen wir alle Arbeiten einer Rechtsabteilung oder unterst\u00fctzen im gew\u00fcnschten Umfang mit hochspezialisiertem Sonderwissen im Vertragsrecht, Haftungsrecht, Arbeitsrecht oder der Prozessf\u00fchrung.<br \/><a href=\"https:\/\/www.slb-law.de\/en\/focus\/automotive\/\" class=\"btn btn-secondary\">more<\/a><\/div><\/div><a href=\"#\" class=\"button btn btn-outline-dark contact schalt\" ft=\"automotive\">Kontakt<\/a><\/div><div class=\"js--fadeInLeft row item\"><div class=\"col-sm-2 img\"><img decoding=\"async\" src=\"https:\/\/www.slb-law.de\/en\/wp-content\/uploads\/sites\/2\/2023\/04\/Gesellschafts-und-arbeitsrechtliche-Restrukturierung-neu.svg\"><\/div><div class=\"col-sm-8\"><h3>Corporate and employment law restructuring<\/h3><div>We provide support throughout the entire restructuring process, from planning the measures, implementing them under company law, taking over negotiations with works councils and trade unions, and subsequent implementation at employee level.<br \/><a href=\"https:\/\/www.slb-law.de\/en\/focus\/corporate-and-employment-law-restructuring\/\" class=\"btn btn-secondary\">more<\/a><\/div><\/div><a href=\"#\" class=\"button btn btn-outline-dark contact schalt\" ft=\"corporate-and-employment-law-restructuring\">Kontakt<\/a><\/div><div class=\"js--fadeInLeft row item\"><div class=\"col-sm-2 img\"><img decoding=\"async\" src=\"https:\/\/www.slb-law.de\/en\/wp-content\/uploads\/sites\/2\/2023\/04\/Unternehmer-Erbrecht-und-Vermoegensnachfolge-1.svg\"><\/div><div class=\"col-sm-8\"><h3>Entrepreneurial inheritance law and asset succession<\/h3><div>In order to ensure the continuity of their own company, entrepreneurs need to make provisions at an early stage. We provide comprehensive support and advice on the topics of business succession and inheritance law.<br \/><a href=\"https:\/\/www.slb-law.de\/en\/focus\/entrepreneurial-inheritance-law-and-asset-succession\/\" class=\"btn btn-secondary\">more<\/a><\/div><\/div><a href=\"#\" class=\"button btn btn-outline-dark contact schalt\" ft=\"entrepreneurial-inheritance-law-and-asset-succession\">Kontakt<\/a><\/div><div class=\"js--fadeInLeft row item\"><div class=\"col-sm-2 img\"><img decoding=\"async\" src=\"https:\/\/www.slb-law.de\/en\/wp-content\/uploads\/sites\/2\/2023\/04\/Fuehrungskraefteberatung.svg\"><\/div><div class=\"col-sm-8\"><h3>Executive Manager Consulting<\/h3><div>Another area of focus is advising senior executives, managing directors and board members on the conclusion, extension and termination of contracts, including any issues of directors' liability.<br \/><a href=\"https:\/\/www.slb-law.de\/en\/focus\/executive-manager-consulting\/\" class=\"btn btn-secondary\">more<\/a><\/div><\/div><a href=\"#\" class=\"button btn btn-outline-dark contact schalt\" ft=\"executive-manager-consulting\">Kontakt<\/a><\/div><div class=\"js--fadeInLeft row item\"><div class=\"col-sm-2 img\"><img decoding=\"async\" src=\"https:\/\/www.slb-law.de\/en\/wp-content\/uploads\/sites\/2\/2023\/04\/Italien-Desk.svg\"><\/div><div class=\"col-sm-8\"><h3>Italian Desk<\/h3><div>We specialise in all aspects of the German-Italian market. As experienced transaction lawyers, we support German investors in their ventures in Italy, establish branches or draft and negotiate distribution agreements.<br \/><a href=\"https:\/\/www.slb-law.de\/en\/focus\/italian-desk\/\" class=\"btn btn-secondary\">more<\/a><\/div><\/div><a href=\"#\" class=\"button btn btn-outline-dark contact schalt\" ft=\"italian-desk\">Kontakt<\/a><\/div><div class=\"js--fadeInLeft row item\"><div class=\"col-sm-2 img\"><img decoding=\"async\" src=\"https:\/\/www.slb-law.de\/en\/wp-content\/uploads\/sites\/2\/2023\/04\/Entwicklung-und-Strukturierung-von-Personaleinsatzkonzepten.svg\"><\/div><div class=\"col-sm-8\"><h3>Legal advice on personnel deployment concepts<\/h3><div>For many years, we have been advising companies on the design of complex personnel deployment concepts to avoid or resolve problems in the area of social security law (bogus self-employment, employee leasing, etc.).<br \/><a href=\"https:\/\/www.slb-law.de\/en\/focus\/legal-advice-on-personnel-deployment-concepts\/\" class=\"btn btn-secondary\">more<\/a><\/div><\/div><a href=\"#\" class=\"button btn btn-outline-dark contact schalt\" ft=\"legal-advice-on-personnel-deployment-concepts\">Kontakt<\/a><\/div><div class=\"js--fadeInLeft row item\"><div class=\"col-sm-2 img\"><img decoding=\"async\" src=\"https:\/\/www.slb-law.de\/en\/wp-content\/uploads\/sites\/2\/2023\/04\/Outgesourcte-Rechtsabteilung-fuer-mittelstaendische-Unternehmen.svg\"><\/div><div class=\"col-sm-8\"><h3>Outsourcing the legal department<\/h3><div>For cost savings or structural reasons, many companies do not have their own legal department. We take on this task and provide uncomplicated support as needed. We support small legal departments in specialised areas.<br \/><a href=\"https:\/\/www.slb-law.de\/en\/focus\/outsourcing-the-legal-department\/\" class=\"btn btn-secondary\">more<\/a><\/div><\/div><a href=\"#\" class=\"button btn btn-outline-dark contact schalt\" ft=\"outsourcing-the-legal-department\">Kontakt<\/a><\/div><div class=\"js--fadeInLeft row item\"><div class=\"col-sm-2 img\"><img decoding=\"async\" src=\"https:\/\/www.slb-law.de\/en\/wp-content\/uploads\/sites\/2\/2023\/04\/Family-Office.svg\"><\/div><div class=\"col-sm-8\"><h3>Private Clients<\/h3><div>Securing and developing wealth over generations - all this is our goal. We advise and accompany family offices and private clients comprehensively with suitable solutions.<br \/><a href=\"https:\/\/www.slb-law.de\/en\/focus\/private-clients\/\" class=\"btn btn-secondary\">more<\/a><\/div><\/div><a href=\"#\" class=\"button btn btn-outline-dark contact schalt\" ft=\"private-clients\">Kontakt<\/a><\/div><div class=\"js--fadeInLeft row item\"><div class=\"col-sm-2 img\"><img decoding=\"async\" src=\"https:\/\/www.slb-law.de\/en\/wp-content\/uploads\/sites\/2\/2023\/04\/Kunst-und-Kulturgueterhandel.svg\"><\/div><div class=\"col-sm-8\"><h3>Trade in art and cultural goods<\/h3><div>We advise collectors, the art trade and museums on all issues of art law, classic car law and the trade in valuable musical instruments, such as ownership issues and forgeries, auction law, restitution law and cultural property law.<br \/><a href=\"https:\/\/www.slb-law.de\/en\/focus\/trade-in-art-and-cultural-goods\/\" class=\"btn btn-secondary\">more<\/a><\/div><\/div><a href=\"#\" class=\"button btn btn-outline-dark contact schalt\" ft=\"trade-in-art-and-cultural-goods\">Kontakt<\/a><\/div>\n\n\n\n<div style=\"height:80px\" aria-hidden=\"true\" class=\"wp-block-spacer a80\"><\/div>\n\n\n<div class=\"wp-bootstrap-blocks-row row\">\n\t\n\n<div class=\"col-12 col-md-6\">\n\t\t\t\n\n<h2 class=\"wp-block-heading\">Our professional expertise<\/h2>\n\n\t<\/div>\n\n\n\n<div class=\"col-12 col-md-6\">\n\t\t\t\t<\/div>\n\n<\/div>\n\n\n<div class=\"wp-bootstrap-blocks-row row\">\n\t\n\n<div class=\"col-12 col-md-6\">\n\t\t\t\t<\/div>\n\n\n\n<div class=\"col-12 col-md-6\">\n\t\t\t\n\n<p>We offer our clients advice in all relevant areas of business law, in particular corporate law\/ M&amp;A, labour law as well as commercial and distribution law. Our lawyers are experts in their field and have highly specialised knowledge in particular fields or industries.<\/p>\n\n\t<\/div>\n\n<\/div>\n\n\n\n<div style=\"height:80px\" aria-hidden=\"true\" class=\"wp-block-spacer a80\"><\/div>\n\n\n<div class=\"wp-bootstrap-blocks-container container mb-2 blockgray\">\n\t\n<div class=\"wp-bootstrap-blocks-row row indent\">\n\t\n\n<div class=\"col-12 col-md-8\">\n\t\t\t\n\n<h3>Our areas of law at a glance<\/h3>\n<p>As a full-service law firm, we cover not only <a href=\"https:\/\/www.slb-law.de\/en\/expertise\/commercial-law\/\" data-wplink-edit=\"true\">commercial<\/a> and <a href=\"https:\/\/www.slb-law.de\/en\/expertise\/corporate-law-ma\/\">corporate law<\/a>, but also <a href=\"https:\/\/www.slb-law.de\/en\/expertise\/labour-law\/\">employment law<\/a> and <a href=\"https:\/\/www.slb-law.de\/en\/expertise\/compliance\/\">compliance<\/a>. Another focus is on <a href=\"https:\/\/www.slb-law.de\/en\/expertise\/banking-law\/\">banking law<\/a> and <a href=\"https:\/\/www.slb-law.de\/en\/expertise\/capital-market-law\/\">capital market law<\/a>. <a href=\"https:\/\/www.slb-law.de\/en\/expertise\/inheritance-succession\/\">Inheritance law<\/a>, <a href=\"https:\/\/www.slb-law.de\/en\/expertise\/real-estate-construction\/\">real estate law<\/a>, <a href=\"https:\/\/www.slb-law.de\/en\/expertise\/art-law\/\">art law<\/a> and <a href=\"https:\/\/www.slb-law.de\/en\/expertise\/classic-car-law\/\">classic car law<\/a> are special areas that are particularly appreciated by our private clients.<\/p>\n\n\t<\/div>\n\n\n\n<div class=\"col-12 col-md-4\">\n\t\t\t\n<div class=\"text-center\"><div class=\"big\">A-Z<\/div><a href=\"https:\/\/www.slb-law.de\/en\/expertise\/\" class=\"button btn btn-outline-dark\">All Expertise<\/a><\/div>\n\n\t<\/div>\n\n<\/div>\n\n<\/div>\n\n\n\n<div style=\"height:80px\" aria-hidden=\"true\" class=\"wp-block-spacer a80\"><\/div>\n\n\n<div class=\"wp-bootstrap-blocks-row row\">\n\t\n\n<div class=\"col-12 col-md-6\">\n\t\t\t\n\n<h2 class=\"wp-block-heading\">We know our industries<\/h2>\n\n\t<\/div>\n\n\n\n<div class=\"col-12 col-md-6\">\n\t\t\t\t<\/div>\n\n<\/div>\n\n\n<div class=\"wp-bootstrap-blocks-row row\">\n\t\n\n<div class=\"col-12 col-md-6\">\n\t\t\t\t<\/div>\n\n\n\n<div class=\"col-12 col-md-6\">\n\t\t\t\n\n<p>Not all commercial law is the same. Special industries require in-depth knowledge of specific market conditions, laws and commercial customs. We have many years of special knowledge in various industries and markets, keep up to date with new developments and use our expertise for our clients.<\/p>\n\n\n\n<h3 class=\"wp-block-heading\">Our references &#8211; an overview<\/h3>\n\n\n<div class=\"wp-bootstrap-blocks-button\">\n\t<a\n\t\thref=\"\/en\/references\/\"\n\t\t\t\t\t\tclass=\"btn btn-primary\"\n\t>\n\t\tReferences\t<\/a>\n<\/div>\n\n\t<\/div>\n\n<\/div>\n\n\n\n<div style=\"height:80px\" aria-hidden=\"true\" class=\"wp-block-spacer a80\"><\/div>\n\n\n<div class=\"wp-bootstrap-blocks-row row\">\n\t\n\n<div class=\"col-12 col-md-6\">\n\t\t\t\n\n<h2 class=\"wp-block-heading\">We are networked internationally<\/h2>\n\n\t<\/div>\n\n\n\n<div class=\"col-12 col-md-6\">\n\t\t\t\t<\/div>\n\n<\/div>\n\n\n\n<div style=\"height:30px\" aria-hidden=\"true\" class=\"wp-block-spacer\"><\/div>\n\n\n<div class=\"wp-bootstrap-blocks-row row indent\">\n\t\n\n<div class=\"col-12 col-md-6\">\n\t\t\t\n\n<figure class=\"wp-block-image size-full\"><img decoding=\"async\" src=\"https:\/\/www.slb-law.de\/en\/wp-content\/uploads\/sites\/2\/2023\/04\/karte-international-vernetzt.svg\" alt=\"\" class=\"wp-image-1113\"\/><\/figure>\n\n\t<\/div>\n\n\n\n<div class=\"col-12 col-md-6\">\n\t\t\t\n\n<p>Should a matter require knowledge of another legal system or representation in another country, we confidently make use of our network.<\/p>\n\n\n\n<h3 class=\"wp-block-heading\">Learn more<\/h3>\n\n\n<div class=\"wp-bootstrap-blocks-button\">\n\t<a\n\t\thref=\"\/en\/international\/\"\n\t\t\t\t\t\tclass=\"btn btn-primary\"\n\t>\n\t\tInternational\t<\/a>\n<\/div>\n\n\t<\/div>\n\n<\/div>\n\n\n\n<div style=\"height:80px\" aria-hidden=\"true\" class=\"wp-block-spacer a80\"><\/div>\n\n\n<div class=\"wp-bootstrap-blocks-row row counter indent-left\">\n\t\n\n<div class=\"col-12 col-md-4\">\n\t\t\t\n<div class=\"zaeler\" data-count=\"4500\" >0<\/div>\n\n\n\n<h3 class=\"wp-block-heading\">Lawyers<\/h3>\n\n\n\n<p>are available in our network<\/p>\n\n\t<\/div>\n\n\n\n<div class=\"col-12 col-md-4\">\n\t\t\t\n<div class=\"zaeler\" data-count=\"60\" >0<\/div>\n\n\n\n<h3 class=\"wp-block-heading\">Countries<\/h3>\n\n\n\n<p>are legally covered<\/p>\n\n\t<\/div>\n\n\n\n<div class=\"col-12 col-md-4\">\n\t\t\t\n<div class=\"zaeler\" data-count=\"6\" >0<\/div>\n\n\n\n<h3 class=\"wp-block-heading\">Languages<\/h3>\n\n\n\n<p>are spoken at SLB LAW<\/p>\n\n\t<\/div>\n\n<\/div>\n","protected":false},"excerpt":{"rendered":"<p>As a medium-sized commercial law firm, we are generalists and specialists at the same time. We support our clients on request as an outsourced legal department in the ordinary course of business, but also in exceptional situations such as a corporate transaction, in the event of liability or in the planning and structuring of corporate [&hellip;]<\/p>\n","protected":false},"author":1,"featured_media":0,"parent":0,"menu_order":0,"comment_status":"closed","ping_status":"closed","template":"","meta":{"footnotes":""},"class_list":["post-52","page","type-page","status-publish","hentry"],"yoast_head":"<!-- This site is optimized with the Yoast SEO plugin v25.7 - https:\/\/yoast.com\/wordpress\/plugins\/seo\/ -->\n<title>Focus - SLB Lawyers, Munich<\/title>\n<meta name=\"description\" content=\"We follow new developments and create customized solutions. You benefit from our decades of experience.\" \/>\n<meta name=\"robots\" content=\"index, follow, max-snippet:-1, max-image-preview:large, max-video-preview:-1\" \/>\n<link rel=\"canonical\" href=\"https:\/\/www.slb-law.de\/en\/focus\/\" \/>\n<meta property=\"og:locale\" content=\"en_US\" \/>\n<meta property=\"og:type\" content=\"article\" \/>\n<meta property=\"og:title\" content=\"Focus - SLB Lawyers, Munich\" \/>\n<meta property=\"og:description\" content=\"We follow new developments and create customized solutions. You benefit from our decades of experience.\" \/>\n<meta property=\"og:url\" content=\"https:\/\/www.slb-law.de\/en\/focus\/\" \/>\n<meta property=\"og:site_name\" content=\"EN SLB Lawyers, Munich\" \/>\n<meta property=\"article:modified_time\" content=\"2023-04-24T13:26:20+00:00\" \/>\n<meta property=\"og:image\" content=\"https:\/\/www.slb-law.de\/en\/wp-content\/uploads\/sites\/2\/2023\/04\/Fokusthemen.jpg\" \/>\n<meta name=\"twitter:card\" content=\"summary_large_image\" \/>\n<meta name=\"twitter:label1\" content=\"Est. reading time\" \/>\n\t<meta name=\"twitter:data1\" content=\"3 minutes\" \/>\n<script type=\"application\/ld+json\" class=\"yoast-schema-graph\">{\"@context\":\"https:\/\/schema.org\",\"@graph\":[{\"@type\":\"WebPage\",\"@id\":\"https:\/\/www.slb-law.de\/en\/focus\/\",\"url\":\"https:\/\/www.slb-law.de\/en\/focus\/\",\"name\":\"Focus - SLB Lawyers, Munich\",\"isPartOf\":{\"@id\":\"https:\/\/www.slb-law.de\/en\/#website\"},\"primaryImageOfPage\":{\"@id\":\"https:\/\/www.slb-law.de\/en\/focus\/#primaryimage\"},\"image\":{\"@id\":\"https:\/\/www.slb-law.de\/en\/focus\/#primaryimage\"},\"thumbnailUrl\":\"https:\/\/www.slb-law.de\/en\/wp-content\/uploads\/sites\/2\/2023\/04\/Fokusthemen.jpg\",\"datePublished\":\"2023-04-04T11:48:53+00:00\",\"dateModified\":\"2023-04-24T13:26:20+00:00\",\"description\":\"We follow new developments and create customized solutions. You benefit from our decades of experience.\",\"inLanguage\":\"en-US\",\"potentialAction\":[{\"@type\":\"ReadAction\",\"target\":[\"https:\/\/www.slb-law.de\/en\/focus\/\"]}]},{\"@type\":\"ImageObject\",\"inLanguage\":\"en-US\",\"@id\":\"https:\/\/www.slb-law.de\/en\/focus\/#primaryimage\",\"url\":\"https:\/\/www.slb-law.de\/en\/wp-content\/uploads\/sites\/2\/2023\/04\/Fokusthemen.jpg\",\"contentUrl\":\"https:\/\/www.slb-law.de\/en\/wp-content\/uploads\/sites\/2\/2023\/04\/Fokusthemen.jpg\",\"width\":1770,\"height\":687},{\"@type\":\"WebSite\",\"@id\":\"https:\/\/www.slb-law.de\/en\/#website\",\"url\":\"https:\/\/www.slb-law.de\/en\/\",\"name\":\"EN SLB Lawyers, Munich\",\"description\":\"Eine weitere SLB Rechtsanw\u00e4lte, M\u00fcnchen Websites Website\",\"potentialAction\":[{\"@type\":\"SearchAction\",\"target\":{\"@type\":\"EntryPoint\",\"urlTemplate\":\"https:\/\/www.slb-law.de\/en\/?s={search_term_string}\"},\"query-input\":{\"@type\":\"PropertyValueSpecification\",\"valueRequired\":true,\"valueName\":\"search_term_string\"}}],\"inLanguage\":\"en-US\"}]}<\/script>\n<!-- \/ Yoast SEO plugin. -->","yoast_head_json":{"title":"Focus - SLB Lawyers, Munich","description":"We follow new developments and create customized solutions. You benefit from our decades of experience.","robots":{"index":"index","follow":"follow","max-snippet":"max-snippet:-1","max-image-preview":"max-image-preview:large","max-video-preview":"max-video-preview:-1"},"canonical":"https:\/\/www.slb-law.de\/en\/focus\/","og_locale":"en_US","og_type":"article","og_title":"Focus - SLB Lawyers, Munich","og_description":"We follow new developments and create customized solutions. You benefit from our decades of experience.","og_url":"https:\/\/www.slb-law.de\/en\/focus\/","og_site_name":"EN SLB Lawyers, Munich","article_modified_time":"2023-04-24T13:26:20+00:00","og_image":[{"url":"https:\/\/www.slb-law.de\/en\/wp-content\/uploads\/sites\/2\/2023\/04\/Fokusthemen.jpg","type":"","width":"","height":""}],"twitter_card":"summary_large_image","twitter_misc":{"Est. reading time":"3 minutes"},"schema":{"@context":"https:\/\/schema.org","@graph":[{"@type":"WebPage","@id":"https:\/\/www.slb-law.de\/en\/focus\/","url":"https:\/\/www.slb-law.de\/en\/focus\/","name":"Focus - SLB Lawyers, Munich","isPartOf":{"@id":"https:\/\/www.slb-law.de\/en\/#website"},"primaryImageOfPage":{"@id":"https:\/\/www.slb-law.de\/en\/focus\/#primaryimage"},"image":{"@id":"https:\/\/www.slb-law.de\/en\/focus\/#primaryimage"},"thumbnailUrl":"https:\/\/www.slb-law.de\/en\/wp-content\/uploads\/sites\/2\/2023\/04\/Fokusthemen.jpg","datePublished":"2023-04-04T11:48:53+00:00","dateModified":"2023-04-24T13:26:20+00:00","description":"We follow new developments and create customized solutions. You benefit from our decades of experience.","inLanguage":"en-US","potentialAction":[{"@type":"ReadAction","target":["https:\/\/www.slb-law.de\/en\/focus\/"]}]},{"@type":"ImageObject","inLanguage":"en-US","@id":"https:\/\/www.slb-law.de\/en\/focus\/#primaryimage","url":"https:\/\/www.slb-law.de\/en\/wp-content\/uploads\/sites\/2\/2023\/04\/Fokusthemen.jpg","contentUrl":"https:\/\/www.slb-law.de\/en\/wp-content\/uploads\/sites\/2\/2023\/04\/Fokusthemen.jpg","width":1770,"height":687},{"@type":"WebSite","@id":"https:\/\/www.slb-law.de\/en\/#website","url":"https:\/\/www.slb-law.de\/en\/","name":"EN SLB Lawyers, Munich","description":"Eine weitere SLB Rechtsanw\u00e4lte, M\u00fcnchen Websites Website","potentialAction":[{"@type":"SearchAction","target":{"@type":"EntryPoint","urlTemplate":"https:\/\/www.slb-law.de\/en\/?s={search_term_string}"},"query-input":{"@type":"PropertyValueSpecification","valueRequired":true,"valueName":"search_term_string"}}],"inLanguage":"en-US"}]}},"_links":{"self":[{"href":"https:\/\/www.slb-law.de\/en\/wp-json\/wp\/v2\/pages\/52","targetHints":{"allow":["GET"]}}],"collection":[{"href":"https:\/\/www.slb-law.de\/en\/wp-json\/wp\/v2\/pages"}],"about":[{"href":"https:\/\/www.slb-law.de\/en\/wp-json\/wp\/v2\/types\/page"}],"author":[{"embeddable":true,"href":"https:\/\/www.slb-law.de\/en\/wp-json\/wp\/v2\/users\/1"}],"replies":[{"embeddable":true,"href":"https:\/\/www.slb-law.de\/en\/wp-json\/wp\/v2\/comments?post=52"}],"version-history":[{"count":14,"href":"https:\/\/www.slb-law.de\/en\/wp-json\/wp\/v2\/pages\/52\/revisions"}],"predecessor-version":[{"id":1170,"href":"https:\/\/www.slb-law.de\/en\/wp-json\/wp\/v2\/pages\/52\/revisions\/1170"}],"wp:attachment":[{"href":"https:\/\/www.slb-law.de\/en\/wp-json\/wp\/v2\/media?parent=52"}],"curies":[{"name":"wp","href":"https:\/\/api.w.org\/{rel}","templated":true}]}}