{"id":1130,"date":"2022-12-01T14:43:42","date_gmt":"2022-12-01T13:43:42","guid":{"rendered":"https:\/\/www.slb-law.de\/en\/impressum-2\/"},"modified":"2023-04-20T10:34:48","modified_gmt":"2023-04-20T08:34:48","slug":"imprint","status":"publish","type":"page","link":"https:\/\/www.slb-law.de\/en\/imprint\/","title":{"rendered":"Imprint"},"content":{"rendered":"\n<h2 class=\"wp-block-heading\">Impressum<\/h2>\n\n\n\n<div style=\"height:20px\" aria-hidden=\"true\" class=\"wp-block-spacer\"><\/div>\n\n\n<h3>Angaben gem\u00e4\u00df \u00a7 5 TMG:<\/h3>\n<p>SLB Rechtsanwaltsgesellschaft mbH<br>Leopoldstr. 175<br>80804 M\u00fcnchen<\/p>\n<h3>Vertreten durch:<\/h3>\n<p>Die Gesch\u00e4ftsf\u00fchrer RA Dr. Christian Stra\u00dfberger, RA Dr. Oliver Baumann, RA Dr. Louis R\u00f6nsberg, RAin Sandra Bendler-Pepy.<\/p>\n<h3>Kontakt:<\/h3>\n<p>Telefon: +49 (0) 89 512427 0<br>Telefax: +49 (0) 89 512427 25<br>E-Mail: info@slb-law.de<\/p>\n<h3>Registereintrag:<\/h3>\n<p>Registergericht: Amtsgericht M\u00fcnchen<br>Registernummer: HRB 173060<\/p>\n<h3>Umsatzsteuer:<\/h3>\n<p>Umsatzsteuer-Identifikationsnummer gem\u00e4\u00df \u00a7 27 a Umsatzsteuergesetz:<br>DE261956391<\/p>\n<h3>Berufsbezeichnung und berufsrechtliche Regelungen:<\/h3>\n<p>S\u00e4mtliche in der Kanzlei t\u00e4tigen Berufstr\u00e4ger sind deutsche Rechtsanw\u00e4lte und Mitglieder der Rechtsanwaltskammer f\u00fcr den OLG-Bezirk M\u00fcnchen, Tal 33, 80331 M\u00fcnchen<\/p>\n<p>Die Berufsbezeichnung Rechtsanwalt wurde durch die zust\u00e4ndige Rechtsanwaltskammer in der Bundesrepublik Deutschland verliehen<\/p>\n<p>Die Bundesrechtsanwaltsordnung, die Berufsordnung f\u00fcr Rechtsanw\u00e4lte, die Fachanwaltsordnung und das Rechtsanwaltsverg\u00fctungsgesetz k\u00f6nnen &#8211; ebenso wie die Berufsregeln der Rechtsanw\u00e4lte der Europ\u00e4ischen Gemeinschaft &#8211; auf den Internetseiten der <a href=\"https:\/\/www.brak.de\/\" target=\"_blank\" rel=\"noopener\">Bundesrechtsanwaltskammer<\/a> eingesehen werden.<\/p>\n<h3>Angaben zur Berufshaftpflichtversicherung:<\/h3>\n<p>Unsere Gesellschaft und die dort t\u00e4tigen Rechtsanw\u00e4lte sind wie folgt versichert:<\/p>\n<p>Verm\u00f6gensschaden-Haftpflichtversicherung<br>bei der HDI Versicherung AG<br>HDI-Platz 1<br>30659 Hannover<br>Geltungsraum der Versicherung: Deutschland<\/p>\n<p>Die Versicherungssumme entspricht mindestens der vom Gesetz f\u00fcr Rechtsanwalts GmbHs vorgeschriebenen Mindestsumme.<\/p>\n<h3>Verantwortlich f\u00fcr den Inhalt nach \u00a7 18 Abs. 2 MStV:<\/h3>\n<p>RA Dr. Louis R\u00f6nsberg<\/p>\n<h3>Streitschlichtung<\/h3>\n<p>Die Europ\u00e4ische Kommission stellt eine Plattform zur Online-Streitbeilegung (OS) bereit: <a href=\"https:\/\/ec.europa.eu\/consumers\/odr\" target=\"_blank\" rel=\"noopener\">https:\/\/ec.europa.eu\/consumers\/odr<\/a><\/p>\n<p>Unsere E-Mail-Adresse finden Sie oben im Impressum.<\/p>\n<p>Wir sind nicht bereit oder verpflichtet, an Streitbeilegungsverfahren vor einer Verbraucherschlichtungsstelle teilzunehmen.<\/p>\n<h3>Urheberrecht<\/h3>\n<p>Unsere Internetseiten bieten Ihnen eine Vielzahl von Informationen, die regelm\u00e4\u00dfig aktualisiert werden. Sie k\u00f6nnen unsere Informationen speichern und Verkn\u00fcpfungen zu unseren Seiten einrichten. Bei Verlinkung von kommerziellen Anbietern m\u00fcssen unsere Seiten alleiniger Bestandteil des Navigator-Fensters sein und wir m\u00fcssen als Quelle ersichtlich sein. Die Informationen d\u00fcrfen nicht ver\u00e4ndert oder verf\u00e4lscht werden.<\/p>\n<p>Quelle: Impressum-Generator von <a href=\"https:\/\/www.anwalt.de\/\" target=\"_blank\" rel=\"noopener\">anwalt.de<\/a><\/p>\n<h3>Allgemeine Datenschutzerkl\u00e4rung<\/h3>\n<p>Durch die Nutzung unserer Website erkl\u00e4ren Sie sich mit der Erhebung, Verarbeitung und Nutzung von Daten gem\u00e4\u00df der nachfolgenden Beschreibung einverstanden. Unsere Website kann grunds\u00e4tzlich ohne Registrierung besucht werden. Dabei werden Daten wie beispielsweise aufgerufene Seiten bzw. Namen der abgerufenen Datei, Datum und Uhrzeit zu statistischen Zwecken auf dem Server gespeichert, ohne dass diese Daten unmittelbar auf Ihre Person bezogen werden. Personenbezogene Daten, insbesondere Name, Adresse oder E-Mail-Adresse werden soweit m\u00f6glich auf freiwilliger Basis erhoben. Ohne Ihre Einwilligung erfolgt keine Weitergabe der Daten an Dritte.<\/p>\n<h3>Datenschutzerkl\u00e4rung f\u00fcr Google Analytics<\/h3>\n<p>Unsere Website verwendet Google Analytics, einen Webanalysedienst von Google Inc., 1600 Amphitheatre Parkway, Mountain View, CA 94043, USA. Zur Deaktivierung von Google Analytiscs stellt Google unter http:\/\/tools.google.com\/dlpage\/gaoptout?hl=de ein Browser-Plug-In zur Verf\u00fcgung. Google Analytics verwendet Cookies. Das sind kleine Textdateien, die es m\u00f6glich machen, auf dem Endger\u00e4t des Nutzers spezifische, auf den Nutzer bezogene Informationen zu speichern. Diese erm\u00f6glichen eine Analyse der Nutzung unseres Websiteangebotes durch Google. Die durch den Cookie erfassten Informationen \u00fcber die Nutzung unserer Seiten (einschlie\u00dflich Ihrer IP-Adresse) werden in der Regel an einen Server von Google in den USA \u00fcbertragen und dort gespeichert. Wir weisen darauf hin, dass auf dieser Website Google Analytics um den Code \u201egat._anonymizeIp();&#8221; erweitert wurde, um eine anonymisierte Erfassung von IP-Adressen (sog. IP-Masking) zu gew\u00e4hrleisten. Ist die Anonymisierung aktiv, k\u00fcrzt Google IP-Adressen innerhalb von Mitgliedstaaten der Europ\u00e4ischen Union oder in anderen Vertragsstaaten des Abkommens \u00fcber den Europ\u00e4ischen Wirtschaftsraum, weswegen keine R\u00fcckschl\u00fcsse auf Ihre Identit\u00e4t m\u00f6glich sind. Nur in Ausnahmef\u00e4llen wird die volle IP-Adresse an einen Server von Google in den USA \u00fcbertragen und dort gek\u00fcrzt. Google beachtet die Datenschutzbestimmungen des \u201ePrivacy Shield&#8221;-Abkommens und ist beim \u201ePrivacy Shield&#8221;-Programm des US-Handelsministeriums registriert und nutzt die gesammelten Informationen, um die Nutzung unserer Websites auszuwerten, Berichte f\u00fcr uns diesbez\u00fcglich zu verfassen und andere diesbez\u00fcgliche Dienstleistungen an uns zu erbringen. Mehr erfahren Sie unter http:\/\/www.google.com\/intl\/de\/analytics\/privacyoverview.html.<\/p>\n<p><\/p>","protected":false},"excerpt":{"rendered":"<p>Impressum Angaben gem\u00e4\u00df \u00a7 5 TMG: SLB Rechtsanwaltsgesellschaft mbHLeopoldstr. 17580804 M\u00fcnchen Vertreten durch: Die Gesch\u00e4ftsf\u00fchrer RA Dr. Christian Stra\u00dfberger, RA Dr. Oliver Baumann, RA Dr. Louis R\u00f6nsberg, RAin Sandra Bendler-Pepy. Kontakt: Telefon: +49 (0) 89 512427 0Telefax: +49 (0) 89 512427 25E-Mail: info@slb-law.de Registereintrag: Registergericht: Amtsgericht M\u00fcnchenRegisternummer: HRB 173060 Umsatzsteuer: Umsatzsteuer-Identifikationsnummer gem\u00e4\u00df \u00a7 27 a [&hellip;]<\/p>\n","protected":false},"author":1,"featured_media":0,"parent":0,"menu_order":0,"comment_status":"closed","ping_status":"closed","template":"page-text-klein.php","meta":{"footnotes":""},"class_list":["post-1130","page","type-page","status-publish","hentry"],"yoast_head":"<!-- This site is optimized with the Yoast SEO plugin v25.7 - https:\/\/yoast.com\/wordpress\/plugins\/seo\/ -->\n<title>Imprint - SLB Lawyers, Munich<\/title>\n<meta name=\"description\" content=\"Law firm for medium-sized businesses, German and international corporations in Munich.\" \/>\n<meta name=\"robots\" content=\"index, follow, max-snippet:-1, max-image-preview:large, max-video-preview:-1\" \/>\n<link rel=\"canonical\" href=\"https:\/\/www.slb-law.de\/en\/imprint\/\" \/>\n<meta property=\"og:locale\" content=\"en_US\" \/>\n<meta property=\"og:type\" content=\"article\" \/>\n<meta property=\"og:title\" content=\"Imprint - SLB Lawyers, Munich\" \/>\n<meta property=\"og:description\" content=\"Law firm for medium-sized businesses, German and international corporations in Munich.\" \/>\n<meta property=\"og:url\" content=\"https:\/\/www.slb-law.de\/en\/imprint\/\" \/>\n<meta property=\"og:site_name\" content=\"EN SLB Lawyers, Munich\" \/>\n<meta property=\"article:modified_time\" content=\"2023-04-20T08:34:48+00:00\" \/>\n<meta name=\"twitter:card\" content=\"summary_large_image\" \/>\n<meta name=\"twitter:label1\" content=\"Est. reading time\" \/>\n\t<meta name=\"twitter:data1\" content=\"4 minutes\" \/>\n<script type=\"application\/ld+json\" class=\"yoast-schema-graph\">{\"@context\":\"https:\/\/schema.org\",\"@graph\":[{\"@type\":\"WebPage\",\"@id\":\"https:\/\/www.slb-law.de\/en\/imprint\/\",\"url\":\"https:\/\/www.slb-law.de\/en\/imprint\/\",\"name\":\"Imprint - SLB Lawyers, Munich\",\"isPartOf\":{\"@id\":\"https:\/\/www.slb-law.de\/en\/#website\"},\"datePublished\":\"2022-12-01T13:43:42+00:00\",\"dateModified\":\"2023-04-20T08:34:48+00:00\",\"description\":\"Law firm for medium-sized businesses, German and international corporations in Munich.\",\"inLanguage\":\"en-US\",\"potentialAction\":[{\"@type\":\"ReadAction\",\"target\":[\"https:\/\/www.slb-law.de\/en\/imprint\/\"]}]},{\"@type\":\"WebSite\",\"@id\":\"https:\/\/www.slb-law.de\/en\/#website\",\"url\":\"https:\/\/www.slb-law.de\/en\/\",\"name\":\"EN SLB Lawyers, Munich\",\"description\":\"Eine weitere SLB Rechtsanw\u00e4lte, M\u00fcnchen Websites Website\",\"potentialAction\":[{\"@type\":\"SearchAction\",\"target\":{\"@type\":\"EntryPoint\",\"urlTemplate\":\"https:\/\/www.slb-law.de\/en\/?s={search_term_string}\"},\"query-input\":{\"@type\":\"PropertyValueSpecification\",\"valueRequired\":true,\"valueName\":\"search_term_string\"}}],\"inLanguage\":\"en-US\"}]}<\/script>\n<!-- \/ Yoast SEO plugin. -->","yoast_head_json":{"title":"Imprint - SLB Lawyers, Munich","description":"Law firm for medium-sized businesses, German and international corporations in Munich.","robots":{"index":"index","follow":"follow","max-snippet":"max-snippet:-1","max-image-preview":"max-image-preview:large","max-video-preview":"max-video-preview:-1"},"canonical":"https:\/\/www.slb-law.de\/en\/imprint\/","og_locale":"en_US","og_type":"article","og_title":"Imprint - SLB Lawyers, Munich","og_description":"Law firm for medium-sized businesses, German and international corporations in Munich.","og_url":"https:\/\/www.slb-law.de\/en\/imprint\/","og_site_name":"EN SLB Lawyers, Munich","article_modified_time":"2023-04-20T08:34:48+00:00","twitter_card":"summary_large_image","twitter_misc":{"Est. reading time":"4 minutes"},"schema":{"@context":"https:\/\/schema.org","@graph":[{"@type":"WebPage","@id":"https:\/\/www.slb-law.de\/en\/imprint\/","url":"https:\/\/www.slb-law.de\/en\/imprint\/","name":"Imprint - SLB Lawyers, Munich","isPartOf":{"@id":"https:\/\/www.slb-law.de\/en\/#website"},"datePublished":"2022-12-01T13:43:42+00:00","dateModified":"2023-04-20T08:34:48+00:00","description":"Law firm for medium-sized businesses, German and international corporations in Munich.","inLanguage":"en-US","potentialAction":[{"@type":"ReadAction","target":["https:\/\/www.slb-law.de\/en\/imprint\/"]}]},{"@type":"WebSite","@id":"https:\/\/www.slb-law.de\/en\/#website","url":"https:\/\/www.slb-law.de\/en\/","name":"EN SLB Lawyers, Munich","description":"Eine weitere SLB Rechtsanw\u00e4lte, M\u00fcnchen Websites Website","potentialAction":[{"@type":"SearchAction","target":{"@type":"EntryPoint","urlTemplate":"https:\/\/www.slb-law.de\/en\/?s={search_term_string}"},"query-input":{"@type":"PropertyValueSpecification","valueRequired":true,"valueName":"search_term_string"}}],"inLanguage":"en-US"}]}},"_links":{"self":[{"href":"https:\/\/www.slb-law.de\/en\/wp-json\/wp\/v2\/pages\/1130","targetHints":{"allow":["GET"]}}],"collection":[{"href":"https:\/\/www.slb-law.de\/en\/wp-json\/wp\/v2\/pages"}],"about":[{"href":"https:\/\/www.slb-law.de\/en\/wp-json\/wp\/v2\/types\/page"}],"author":[{"embeddable":true,"href":"https:\/\/www.slb-law.de\/en\/wp-json\/wp\/v2\/users\/1"}],"replies":[{"embeddable":true,"href":"https:\/\/www.slb-law.de\/en\/wp-json\/wp\/v2\/comments?post=1130"}],"version-history":[{"count":2,"href":"https:\/\/www.slb-law.de\/en\/wp-json\/wp\/v2\/pages\/1130\/revisions"}],"predecessor-version":[{"id":1137,"href":"https:\/\/www.slb-law.de\/en\/wp-json\/wp\/v2\/pages\/1130\/revisions\/1137"}],"wp:attachment":[{"href":"https:\/\/www.slb-law.de\/en\/wp-json\/wp\/v2\/media?parent=1130"}],"curies":[{"name":"wp","href":"https:\/\/api.w.org\/{rel}","templated":true}]}}